{"id":291,"date":"2025-01-16T00:29:28","date_gmt":"2025-01-15T23:29:28","guid":{"rendered":"https:\/\/transcargosilesia.pl\/?page_id=291"},"modified":"2025-02-02T22:31:31","modified_gmt":"2025-02-02T21:31:31","slug":"o-nas","status":"publish","type":"page","link":"https:\/\/transcargosilesia.pl\/en\/o-nas\/","title":{"rendered":"O nas"},"content":{"rendered":"<div data-elementor-type=\"wp-page\" data-elementor-id=\"291\" class=\"elementor elementor-291\" data-elementor-post-type=\"page\">\n\t\t\t\t<div class=\"elementor-element elementor-element-b11d4a7 e-flex e-con-boxed e-con e-parent\" data-id=\"b11d4a7\" data-element_type=\"container\" data-settings=\"{&quot;background_background&quot;:&quot;classic&quot;}\">\n\t\t\t\t\t<div class=\"e-con-inner\">\n\t\t\t\t<div class=\"elementor-element elementor-element-b8a997b elementor-widget elementor-widget-heading\" data-id=\"b8a997b\" data-element_type=\"widget\" data-widget_type=\"heading.default\">\n\t\t\t\t<div class=\"elementor-widget-container\">\n\t\t\t\t\t<h1 class=\"elementor-heading-title elementor-size-default\">O nas<\/h1>\t\t\t\t<\/div>\n\t\t\t\t<\/div>\n\t\t\t\t<div class=\"elementor-element elementor-element-a9715d4 elementor-icon-list--layout-inline elementor-list-item-link-inline elementor-align-center elementor-widget elementor-widget-icon-list\" data-id=\"a9715d4\" data-element_type=\"widget\" data-widget_type=\"icon-list.default\">\n\t\t\t\t<div class=\"elementor-widget-container\">\n\t\t\t\t\t\t\t<ul class=\"elementor-icon-list-items elementor-inline-items\">\n\t\t\t\t\t\t\t<li class=\"elementor-icon-list-item elementor-inline-item\">\n\t\t\t\t\t\t\t\t\t\t\t<a href=\"https:\/\/transcargosilesia.pl\/en\">\n\n\t\t\t\t\t\t\t\t\t\t\t<span class=\"elementor-icon-list-text\">G\u0142\u00f3wna<\/span>\n\t\t\t\t\t\t\t\t\t\t\t<\/a>\n\t\t\t\t\t\t\t\t\t<\/li>\n\t\t\t\t\t\t\t\t<li class=\"elementor-icon-list-item elementor-inline-item\">\n\t\t\t\t\t\t\t\t\t\t\t<span class=\"elementor-icon-list-icon\">\n\t\t\t\t\t\t\t<svg aria-hidden=\"true\" class=\"e-font-icon-svg e-fas-chevron-right\" viewbox=\"0 0 320 512\" xmlns=\"http:\/\/www.w3.org\/2000\/svg\"><path d=\"M285.476 272.971L91.132 467.314c-9.373 9.373-24.569 9.373-33.941 0l-22.667-22.667c-9.357-9.357-9.375-24.522-.04-33.901L188.505 256 34.484 101.255c-9.335-9.379-9.317-24.544.04-33.901l22.667-22.667c9.373-9.373 24.569-9.373 33.941 0L285.475 239.03c9.373 9.372 9.373 24.568.001 33.941z\"><\/path><\/svg>\t\t\t\t\t\t<\/span>\n\t\t\t\t\t\t\t\t\t\t<span class=\"elementor-icon-list-text\">O nas<\/span>\n\t\t\t\t\t\t\t\t\t<\/li>\n\t\t\t\t\t\t<\/ul>\n\t\t\t\t\t\t<\/div>\n\t\t\t\t<\/div>\n\t\t\t\t\t<\/div>\n\t\t\t\t<\/div>\n\t\t<div class=\"elementor-element elementor-element-35a1aec e-flex e-con-boxed e-con e-parent\" data-id=\"35a1aec\" data-element_type=\"container\">\n\t\t\t\t\t<div class=\"e-con-inner\">\n\t\t<div class=\"elementor-element elementor-element-97cd1c4 e-con-full e-flex e-con e-child\" data-id=\"97cd1c4\" data-element_type=\"container\">\n\t\t\t\t<div class=\"elementor-element elementor-element-74e9c3a elementor-widget elementor-widget-heading\" data-id=\"74e9c3a\" data-element_type=\"widget\" data-widget_type=\"heading.default\">\n\t\t\t\t<div class=\"elementor-widget-container\">\n\t\t\t\t\t<h2 class=\"elementor-heading-title elementor-size-default\">Kilka s\u0142\u00f3w o nas<\/h2>\t\t\t\t<\/div>\n\t\t\t\t<\/div>\n\t\t\t\t<div class=\"elementor-element elementor-element-f2ab242 elementor-widget elementor-widget-text-editor\" data-id=\"f2ab242\" data-element_type=\"widget\" data-widget_type=\"text-editor.default\">\n\t\t\t\t<div class=\"elementor-widget-container\">\n\t\t\t\t\t\t\t\t\t<p><strong>W TransCargo Silesia<\/strong> specjalizujemy si\u0119 w mi\u0119dzynarodowym transporcie towar\u00f3w, wykorzystuj\u0105c nowoczesne pojazdy typu VAN BOX. Wszystkie nasze samochody s\u0105 wyposa\u017cone w innowacyjne w\u00f3zki samoza\u0142adowcze, kt\u00f3re znacz\u0105co usprawniaj\u0105 proces za\u0142adunku i roz\u0142adunku, oszcz\u0119dzaj\u0105c czas i zwi\u0119kszaj\u0105c efektywno\u015b\u0107 operacji.<\/p><p>Dostarczamy r\u00f3wnie\u017c zaawansowane urz\u0105dzenia u\u0142atwiaj\u0105ce samodzielne manipulowanie towarami. Przy doborze rozwi\u0105za\u0144 stawiamy na najwy\u017csze standardy bezpiecze\u0144stwa oraz prostot\u0119 obs\u0142ugi. Wsp\u00f3\u0142pracujemy wy\u0142\u0105cznie ze sprawdzonymi europejskimi producentami, co gwarantuje solidno\u015b\u0107 wykonania i trwa\u0142o\u015b\u0107 oferowanych produkt\u00f3w.<\/p><p>Dla os\u00f3b poszukuj\u0105cych alternatywnych form finansowania samochod\u00f3w, proponujemy wynajem d\u0142ugoterminowy bez konieczno\u015bci sprawdzania baz BIK i KRD. Nasza oferta obejmuje mo\u017cliwo\u015b\u0107 skorzystania z istniej\u0105cej floty pojazd\u00f3w lub wynajmu wybranego przez Pa\u0144stwa modelu na specjalne zam\u00f3wienie. To doskona\u0142e rozwi\u0105zanie dla tych, kt\u00f3rzy chc\u0105 unikn\u0105\u0107 obci\u0105\u017cania historii kredytowej lub napotykaj\u0105 trudno\u015bci w uzyskaniu leasingu czy kredytu.<\/p>\t\t\t\t\t\t\t\t<\/div>\n\t\t\t\t<\/div>\n\t\t\t\t<\/div>\n\t\t<div class=\"elementor-element elementor-element-829be63 e-con-full e-flex e-con e-child\" data-id=\"829be63\" data-element_type=\"container\">\n\t\t\t\t<div class=\"elementor-element elementor-element-b7084fc elementor-widget elementor-widget-image\" data-id=\"b7084fc\" data-element_type=\"widget\" data-widget_type=\"image.default\">\n\t\t\t\t<div class=\"elementor-widget-container\">\n\t\t\t\t\t\t\t\t\t\t\t\t\t\t\t<img fetchpriority=\"high\" decoding=\"async\" width=\"800\" height=\"600\" src=\"https:\/\/transcargosilesia.pl\/wp-content\/uploads\/2025\/01\/o-nas-transcargo-silesia.jpg\" class=\"attachment-large size-large wp-image-333\" alt=\"\" srcset=\"https:\/\/transcargosilesia.pl\/wp-content\/uploads\/2025\/01\/o-nas-transcargo-silesia.jpg 1024w, https:\/\/transcargosilesia.pl\/wp-content\/uploads\/2025\/01\/o-nas-transcargo-silesia-300x225.jpg 300w, https:\/\/transcargosilesia.pl\/wp-content\/uploads\/2025\/01\/o-nas-transcargo-silesia-768x576.jpg 768w, https:\/\/transcargosilesia.pl\/wp-content\/uploads\/2025\/01\/o-nas-transcargo-silesia-16x12.jpg 16w\" sizes=\"(max-width: 800px) 100vw, 800px\" \/>\t\t\t\t\t\t\t\t\t\t\t\t\t\t\t<\/div>\n\t\t\t\t<\/div>\n\t\t\t\t<\/div>\n\t\t\t\t\t<\/div>\n\t\t\t\t<\/div>\n\t\t<div class=\"elementor-element elementor-element-b9dd524 e-flex e-con-boxed e-con e-parent\" data-id=\"b9dd524\" data-element_type=\"container\" data-settings=\"{&quot;background_background&quot;:&quot;classic&quot;}\">\n\t\t\t\t\t<div class=\"e-con-inner\">\n\t\t<div class=\"elementor-element elementor-element-2651df0 e-con-full e-flex e-con e-child\" data-id=\"2651df0\" data-element_type=\"container\">\n\t\t\t\t<div class=\"elementor-element elementor-element-a91e1eb elementor-widget elementor-widget-text-editor\" data-id=\"a91e1eb\" data-element_type=\"widget\" data-widget_type=\"text-editor.default\">\n\t\t\t\t<div class=\"elementor-widget-container\">\n\t\t\t\t\t\t\t\t\t<p>Zapewniamy niezawodno\u015b\u0107, innowacyjno\u015b\u0107 i pe\u0142ne wsparcie w ka\u017cdej fazie wsp\u00f3\u0142pracy.<\/p><p>Z TransCargo Silesia Pa\u0144stwa logistyka jest w najlepszych r\u0119kach!<\/p>\t\t\t\t\t\t\t\t<\/div>\n\t\t\t\t<\/div>\n\t\t<div class=\"elementor-element elementor-element-9effe94 e-con-full e-flex e-con e-child\" data-id=\"9effe94\" data-element_type=\"container\">\n\t\t\t\t<div class=\"elementor-element elementor-element-761b584 elementor-widget elementor-widget-button\" data-id=\"761b584\" data-element_type=\"widget\" data-widget_type=\"button.default\">\n\t\t\t\t<div class=\"elementor-widget-container\">\n\t\t\t\t\t\t\t\t\t<div class=\"elementor-button-wrapper\">\n\t\t\t\t\t<a class=\"elementor-button elementor-button-link elementor-size-sm\" href=\"https:\/\/transcargosilesia.pl\/en\/kontakt\/\">\n\t\t\t\t\t\t<span class=\"elementor-button-content-wrapper\">\n\t\t\t\t\t\t<span class=\"elementor-button-icon\">\n\t\t\t\t<svg aria-hidden=\"true\" class=\"e-font-icon-svg e-fas-chevron-right\" viewbox=\"0 0 320 512\" xmlns=\"http:\/\/www.w3.org\/2000\/svg\"><path d=\"M285.476 272.971L91.132 467.314c-9.373 9.373-24.569 9.373-33.941 0l-22.667-22.667c-9.357-9.357-9.375-24.522-.04-33.901L188.505 256 34.484 101.255c-9.335-9.379-9.317-24.544.04-33.901l22.667-22.667c9.373-9.373 24.569-9.373 33.941 0L285.475 239.03c9.373 9.372 9.373 24.568.001 33.941z\"><\/path><\/svg>\t\t\t<\/span>\n\t\t\t\t\t\t\t\t\t<span class=\"elementor-button-text\">Kontakt<\/span>\n\t\t\t\t\t<\/span>\n\t\t\t\t\t<\/a>\n\t\t\t\t<\/div>\n\t\t\t\t\t\t\t\t<\/div>\n\t\t\t\t<\/div>\n\t\t\t\t<div class=\"elementor-element elementor-element-c4deb84 elementor-widget elementor-widget-button\" data-id=\"c4deb84\" data-element_type=\"widget\" data-widget_type=\"button.default\">\n\t\t\t\t<div class=\"elementor-widget-container\">\n\t\t\t\t\t\t\t\t\t<div class=\"elementor-button-wrapper\">\n\t\t\t\t\t<a class=\"elementor-button elementor-button-link elementor-size-sm\" href=\"https:\/\/transcargosilesia.pl\/en\/oferta\/\">\n\t\t\t\t\t\t<span class=\"elementor-button-content-wrapper\">\n\t\t\t\t\t\t<span class=\"elementor-button-icon\">\n\t\t\t\t<svg aria-hidden=\"true\" class=\"e-font-icon-svg e-fas-chevron-right\" viewbox=\"0 0 320 512\" xmlns=\"http:\/\/www.w3.org\/2000\/svg\"><path d=\"M285.476 272.971L91.132 467.314c-9.373 9.373-24.569 9.373-33.941 0l-22.667-22.667c-9.357-9.357-9.375-24.522-.04-33.901L188.505 256 34.484 101.255c-9.335-9.379-9.317-24.544.04-33.901l22.667-22.667c9.373-9.373 24.569-9.373 33.941 0L285.475 239.03c9.373 9.372 9.373 24.568.001 33.941z\"><\/path><\/svg>\t\t\t<\/span>\n\t\t\t\t\t\t\t\t\t<span class=\"elementor-button-text\">Oferta<\/span>\n\t\t\t\t\t<\/span>\n\t\t\t\t\t<\/a>\n\t\t\t\t<\/div>\n\t\t\t\t\t\t\t\t<\/div>\n\t\t\t\t<\/div>\n\t\t\t\t<\/div>\n\t\t\t\t<\/div>\n\t\t\t\t\t<\/div>\n\t\t\t\t<\/div>\n\t\t\t\t<\/div>","protected":false},"excerpt":{"rendered":"<p>O nas G\u0142\u00f3wna O nas Kilka s\u0142\u00f3w o nas W TransCargo Silesia specjalizujemy si\u0119 w mi\u0119dzynarodowym transporcie towar\u00f3w, wykorzystuj\u0105c nowoczesne pojazdy typu VAN BOX. Wszystkie nasze samochody s\u0105 wyposa\u017cone w innowacyjne w\u00f3zki samoza\u0142adowcze, kt\u00f3re znacz\u0105co usprawniaj\u0105 proces za\u0142adunku i roz\u0142adunku, oszcz\u0119dzaj\u0105c czas i zwi\u0119kszaj\u0105c efektywno\u015b\u0107 operacji. Dostarczamy r\u00f3wnie\u017c zaawansowane urz\u0105dzenia u\u0142atwiaj\u0105ce samodzielne manipulowanie towarami. Przy [&hellip;]<\/p>","protected":false},"author":1,"featured_media":333,"parent":0,"menu_order":0,"comment_status":"closed","ping_status":"closed","template":"","meta":{"footnotes":""},"class_list":["post-291","page","type-page","status-publish","has-post-thumbnail","hentry"],"yoast_head":"<!-- This site is optimized with the Yoast SEO plugin v24.3 - https:\/\/yoast.com\/wordpress\/plugins\/seo\/ -->\n<title>Kilka s\u0142\u00f3w o nas - Transcargo Silesia<\/title>\n<meta name=\"description\" content=\"Kilka s\u0142\u00f3w o nas. W TransCargo Silesia specjalizujemy si\u0119 w mi\u0119dzynarodowym transporcie towar\u00f3w, wykorzystuj\u0105c nowoczesne pojazdy typu...\" \/>\n<meta name=\"robots\" content=\"index, follow, max-snippet:-1, max-image-preview:large, max-video-preview:-1\" \/>\n<link rel=\"canonical\" href=\"https:\/\/transcargosilesia.pl\/en\/o-nas\/\" \/>\n<meta property=\"og:locale\" content=\"en_GB\" \/>\n<meta property=\"og:type\" content=\"article\" \/>\n<meta property=\"og:title\" content=\"Kilka s\u0142\u00f3w o nas - Transcargo Silesia\" \/>\n<meta property=\"og:description\" content=\"Kilka s\u0142\u00f3w o nas. W TransCargo Silesia specjalizujemy si\u0119 w mi\u0119dzynarodowym transporcie towar\u00f3w, wykorzystuj\u0105c nowoczesne pojazdy typu...\" \/>\n<meta property=\"og:url\" content=\"https:\/\/transcargosilesia.pl\/en\/o-nas\/\" \/>\n<meta property=\"og:site_name\" content=\"Transcargo Silesia\" \/>\n<meta property=\"article:modified_time\" content=\"2025-02-02T21:31:31+00:00\" \/>\n<meta property=\"og:image\" content=\"https:\/\/transcargosilesia.pl\/wp-content\/uploads\/2025\/01\/o-nas-transcargo-silesia.jpg\" \/>\n\t<meta property=\"og:image:width\" content=\"1024\" \/>\n\t<meta property=\"og:image:height\" content=\"768\" \/>\n\t<meta property=\"og:image:type\" content=\"image\/jpeg\" \/>\n<meta name=\"twitter:card\" content=\"summary_large_image\" \/>\n<meta name=\"twitter:title\" content=\"Kilka s\u0142\u00f3w o nas - Transcargo Silesia\" \/>\n<meta name=\"twitter:description\" content=\"Kilka s\u0142\u00f3w o nas. W TransCargo Silesia specjalizujemy si\u0119 w mi\u0119dzynarodowym transporcie towar\u00f3w, wykorzystuj\u0105c nowoczesne pojazdy typu...\" \/>\n<meta name=\"twitter:image\" content=\"https:\/\/transcargosilesia.pl\/wp-content\/uploads\/2025\/01\/o-nas-transcargo-silesia.jpg\" \/>\n<meta name=\"twitter:label1\" content=\"Estimated reading time\" \/>\n\t<meta name=\"twitter:data1\" content=\"2 minutes\" \/>\n<script type=\"application\/ld+json\" class=\"yoast-schema-graph\">{\"@context\":\"https:\/\/schema.org\",\"@graph\":[{\"@type\":\"WebPage\",\"@id\":\"https:\/\/transcargosilesia.pl\/o-nas\/\",\"url\":\"https:\/\/transcargosilesia.pl\/o-nas\/\",\"name\":\"Kilka s\u0142\u00f3w o nas - Transcargo Silesia\",\"isPartOf\":{\"@id\":\"https:\/\/transcargosilesia.pl\/#website\"},\"primaryImageOfPage\":{\"@id\":\"https:\/\/transcargosilesia.pl\/o-nas\/#primaryimage\"},\"image\":{\"@id\":\"https:\/\/transcargosilesia.pl\/o-nas\/#primaryimage\"},\"thumbnailUrl\":\"https:\/\/transcargosilesia.pl\/wp-content\/uploads\/2025\/01\/o-nas-transcargo-silesia.jpg\",\"datePublished\":\"2025-01-15T23:29:28+00:00\",\"dateModified\":\"2025-02-02T21:31:31+00:00\",\"description\":\"Kilka s\u0142\u00f3w o nas. W TransCargo Silesia specjalizujemy si\u0119 w mi\u0119dzynarodowym transporcie towar\u00f3w, wykorzystuj\u0105c nowoczesne pojazdy typu...\",\"breadcrumb\":{\"@id\":\"https:\/\/transcargosilesia.pl\/o-nas\/#breadcrumb\"},\"inLanguage\":\"en-GB\",\"potentialAction\":[{\"@type\":\"ReadAction\",\"target\":[\"https:\/\/transcargosilesia.pl\/o-nas\/\"]}]},{\"@type\":\"ImageObject\",\"inLanguage\":\"en-GB\",\"@id\":\"https:\/\/transcargosilesia.pl\/o-nas\/#primaryimage\",\"url\":\"https:\/\/transcargosilesia.pl\/wp-content\/uploads\/2025\/01\/o-nas-transcargo-silesia.jpg\",\"contentUrl\":\"https:\/\/transcargosilesia.pl\/wp-content\/uploads\/2025\/01\/o-nas-transcargo-silesia.jpg\",\"width\":1024,\"height\":768},{\"@type\":\"BreadcrumbList\",\"@id\":\"https:\/\/transcargosilesia.pl\/o-nas\/#breadcrumb\",\"itemListElement\":[{\"@type\":\"ListItem\",\"position\":1,\"name\":\"Strona g\u0142\u00f3wna\",\"item\":\"https:\/\/transcargosilesia.pl\/\"},{\"@type\":\"ListItem\",\"position\":2,\"name\":\"O nas\"}]},{\"@type\":\"WebSite\",\"@id\":\"https:\/\/transcargosilesia.pl\/#website\",\"url\":\"https:\/\/transcargosilesia.pl\/\",\"name\":\"Transcargo Silesia\",\"description\":\"Mi\u0119dzynarodowy transport towar\u00f3w\",\"publisher\":{\"@id\":\"https:\/\/transcargosilesia.pl\/#organization\"},\"potentialAction\":[{\"@type\":\"SearchAction\",\"target\":{\"@type\":\"EntryPoint\",\"urlTemplate\":\"https:\/\/transcargosilesia.pl\/?s={search_term_string}\"},\"query-input\":{\"@type\":\"PropertyValueSpecification\",\"valueRequired\":true,\"valueName\":\"search_term_string\"}}],\"inLanguage\":\"en-GB\"},{\"@type\":\"Organization\",\"@id\":\"https:\/\/transcargosilesia.pl\/#organization\",\"name\":\"Transcargo Silesia\",\"url\":\"https:\/\/transcargosilesia.pl\/\",\"logo\":{\"@type\":\"ImageObject\",\"inLanguage\":\"en-GB\",\"@id\":\"https:\/\/transcargosilesia.pl\/#\/schema\/logo\/image\/\",\"url\":\"https:\/\/transcargosilesia.pl\/wp-content\/uploads\/2024\/03\/cropped-logo.png\",\"contentUrl\":\"https:\/\/transcargosilesia.pl\/wp-content\/uploads\/2024\/03\/cropped-logo.png\",\"width\":1096,\"height\":313,\"caption\":\"Transcargo Silesia\"},\"image\":{\"@id\":\"https:\/\/transcargosilesia.pl\/#\/schema\/logo\/image\/\"}}]}<\/script>\n<!-- \/ Yoast SEO plugin. -->","yoast_head_json":{"title":"Kilka s\u0142\u00f3w o nas - Transcargo Silesia","description":"Kilka s\u0142\u00f3w o nas. W TransCargo Silesia specjalizujemy si\u0119 w mi\u0119dzynarodowym transporcie towar\u00f3w, wykorzystuj\u0105c nowoczesne pojazdy typu...","robots":{"index":"index","follow":"follow","max-snippet":"max-snippet:-1","max-image-preview":"max-image-preview:large","max-video-preview":"max-video-preview:-1"},"canonical":"https:\/\/transcargosilesia.pl\/en\/o-nas\/","og_locale":"en_GB","og_type":"article","og_title":"Kilka s\u0142\u00f3w o nas - Transcargo Silesia","og_description":"Kilka s\u0142\u00f3w o nas. W TransCargo Silesia specjalizujemy si\u0119 w mi\u0119dzynarodowym transporcie towar\u00f3w, wykorzystuj\u0105c nowoczesne pojazdy typu...","og_url":"https:\/\/transcargosilesia.pl\/en\/o-nas\/","og_site_name":"Transcargo Silesia","article_modified_time":"2025-02-02T21:31:31+00:00","og_image":[{"width":1024,"height":768,"url":"https:\/\/transcargosilesia.pl\/wp-content\/uploads\/2025\/01\/o-nas-transcargo-silesia.jpg","type":"image\/jpeg"}],"twitter_card":"summary_large_image","twitter_title":"Kilka s\u0142\u00f3w o nas - Transcargo Silesia","twitter_description":"Kilka s\u0142\u00f3w o nas. W TransCargo Silesia specjalizujemy si\u0119 w mi\u0119dzynarodowym transporcie towar\u00f3w, wykorzystuj\u0105c nowoczesne pojazdy typu...","twitter_image":"https:\/\/transcargosilesia.pl\/wp-content\/uploads\/2025\/01\/o-nas-transcargo-silesia.jpg","twitter_misc":{"Estimated reading time":"2 minutes"},"schema":{"@context":"https:\/\/schema.org","@graph":[{"@type":"WebPage","@id":"https:\/\/transcargosilesia.pl\/o-nas\/","url":"https:\/\/transcargosilesia.pl\/o-nas\/","name":"Kilka s\u0142\u00f3w o nas - Transcargo Silesia","isPartOf":{"@id":"https:\/\/transcargosilesia.pl\/#website"},"primaryImageOfPage":{"@id":"https:\/\/transcargosilesia.pl\/o-nas\/#primaryimage"},"image":{"@id":"https:\/\/transcargosilesia.pl\/o-nas\/#primaryimage"},"thumbnailUrl":"https:\/\/transcargosilesia.pl\/wp-content\/uploads\/2025\/01\/o-nas-transcargo-silesia.jpg","datePublished":"2025-01-15T23:29:28+00:00","dateModified":"2025-02-02T21:31:31+00:00","description":"Kilka s\u0142\u00f3w o nas. W TransCargo Silesia specjalizujemy si\u0119 w mi\u0119dzynarodowym transporcie towar\u00f3w, wykorzystuj\u0105c nowoczesne pojazdy typu...","breadcrumb":{"@id":"https:\/\/transcargosilesia.pl\/o-nas\/#breadcrumb"},"inLanguage":"en-GB","potentialAction":[{"@type":"ReadAction","target":["https:\/\/transcargosilesia.pl\/o-nas\/"]}]},{"@type":"ImageObject","inLanguage":"en-GB","@id":"https:\/\/transcargosilesia.pl\/o-nas\/#primaryimage","url":"https:\/\/transcargosilesia.pl\/wp-content\/uploads\/2025\/01\/o-nas-transcargo-silesia.jpg","contentUrl":"https:\/\/transcargosilesia.pl\/wp-content\/uploads\/2025\/01\/o-nas-transcargo-silesia.jpg","width":1024,"height":768},{"@type":"BreadcrumbList","@id":"https:\/\/transcargosilesia.pl\/o-nas\/#breadcrumb","itemListElement":[{"@type":"ListItem","position":1,"name":"Strona g\u0142\u00f3wna","item":"https:\/\/transcargosilesia.pl\/"},{"@type":"ListItem","position":2,"name":"O nas"}]},{"@type":"WebSite","@id":"https:\/\/transcargosilesia.pl\/#website","url":"https:\/\/transcargosilesia.pl\/","name":"Transcargo Silesia","description":"Mi\u0119dzynarodowy transport towar\u00f3w","publisher":{"@id":"https:\/\/transcargosilesia.pl\/#organization"},"potentialAction":[{"@type":"SearchAction","target":{"@type":"EntryPoint","urlTemplate":"https:\/\/transcargosilesia.pl\/?s={search_term_string}"},"query-input":{"@type":"PropertyValueSpecification","valueRequired":true,"valueName":"search_term_string"}}],"inLanguage":"en-GB"},{"@type":"Organization","@id":"https:\/\/transcargosilesia.pl\/#organization","name":"Transcargo Silesia","url":"https:\/\/transcargosilesia.pl\/","logo":{"@type":"ImageObject","inLanguage":"en-GB","@id":"https:\/\/transcargosilesia.pl\/#\/schema\/logo\/image\/","url":"https:\/\/transcargosilesia.pl\/wp-content\/uploads\/2024\/03\/cropped-logo.png","contentUrl":"https:\/\/transcargosilesia.pl\/wp-content\/uploads\/2024\/03\/cropped-logo.png","width":1096,"height":313,"caption":"Transcargo Silesia"},"image":{"@id":"https:\/\/transcargosilesia.pl\/#\/schema\/logo\/image\/"}}]}},"_links":{"self":[{"href":"https:\/\/transcargosilesia.pl\/en\/wp-json\/wp\/v2\/pages\/291","targetHints":{"allow":["GET"]}}],"collection":[{"href":"https:\/\/transcargosilesia.pl\/en\/wp-json\/wp\/v2\/pages"}],"about":[{"href":"https:\/\/transcargosilesia.pl\/en\/wp-json\/wp\/v2\/types\/page"}],"author":[{"embeddable":true,"href":"https:\/\/transcargosilesia.pl\/en\/wp-json\/wp\/v2\/users\/1"}],"replies":[{"embeddable":true,"href":"https:\/\/transcargosilesia.pl\/en\/wp-json\/wp\/v2\/comments?post=291"}],"version-history":[{"count":31,"href":"https:\/\/transcargosilesia.pl\/en\/wp-json\/wp\/v2\/pages\/291\/revisions"}],"predecessor-version":[{"id":832,"href":"https:\/\/transcargosilesia.pl\/en\/wp-json\/wp\/v2\/pages\/291\/revisions\/832"}],"wp:featuredmedia":[{"embeddable":true,"href":"https:\/\/transcargosilesia.pl\/en\/wp-json\/wp\/v2\/media\/333"}],"wp:attachment":[{"href":"https:\/\/transcargosilesia.pl\/en\/wp-json\/wp\/v2\/media?parent=291"}],"curies":[{"name":"wp","href":"https:\/\/api.w.org\/{rel}","templated":true}]}}