{"id":36,"date":"2024-03-09T02:27:07","date_gmt":"2024-03-09T01:27:07","guid":{"rendered":"https:\/\/transcargosilesia.pl\/?page_id=36"},"modified":"2025-02-02T22:29:51","modified_gmt":"2025-02-02T21:29:51","slug":"kontakt","status":"publish","type":"page","link":"https:\/\/transcargosilesia.pl\/en\/kontakt\/","title":{"rendered":"Kontakt"},"content":{"rendered":"<div data-elementor-type=\"wp-page\" data-elementor-id=\"36\" class=\"elementor elementor-36\" data-elementor-post-type=\"page\">\n\t\t\t\t<div class=\"elementor-element elementor-element-c4e26df e-flex e-con-boxed e-con e-parent\" data-id=\"c4e26df\" data-element_type=\"container\" data-settings=\"{&quot;background_background&quot;:&quot;classic&quot;}\">\n\t\t\t\t\t<div class=\"e-con-inner\">\n\t\t\t\t<div class=\"elementor-element elementor-element-924cd25 elementor-widget elementor-widget-heading\" data-id=\"924cd25\" data-element_type=\"widget\" data-widget_type=\"heading.default\">\n\t\t\t\t<div class=\"elementor-widget-container\">\n\t\t\t\t\t<h1 class=\"elementor-heading-title elementor-size-default\">Kontakt<\/h1>\t\t\t\t<\/div>\n\t\t\t\t<\/div>\n\t\t\t\t\t<\/div>\n\t\t\t\t<\/div>\n\t\t<div class=\"elementor-element elementor-element-bc8315b e-flex e-con-boxed e-con e-parent\" data-id=\"bc8315b\" data-element_type=\"container\">\n\t\t\t\t\t<div class=\"e-con-inner\">\n\t\t<div class=\"elementor-element elementor-element-ff0be40 e-con-full e-flex e-con e-child\" data-id=\"ff0be40\" data-element_type=\"container\">\n\t\t\t\t<div class=\"elementor-element elementor-element-5631875 elementor-widget elementor-widget-heading\" data-id=\"5631875\" data-element_type=\"widget\" data-widget_type=\"heading.default\">\n\t\t\t\t<div class=\"elementor-widget-container\">\n\t\t\t\t\t<h2 class=\"elementor-heading-title elementor-size-default\">Skontaktuj si\u0119 z nami<\/h2>\t\t\t\t<\/div>\n\t\t\t\t<\/div>\n\t\t\t\t<div class=\"elementor-element elementor-element-8cc5ec5 elementor-widget elementor-widget-text-editor\" data-id=\"8cc5ec5\" data-element_type=\"widget\" data-widget_type=\"text-editor.default\">\n\t\t\t\t<div class=\"elementor-widget-container\">\n\t\t\t\t\t\t\t\t\t<p>Masz pytania lub potrzebujesz wi\u0119cej informacji? Skontaktuj si\u0119 z nami! Mo\u017cesz do nas zadzwoni\u0107, wys\u0142a\u0107 e-mail lub skorzysta\u0107 z formularza kontaktowego na naszej stronie. Jeste\u015bmy tutaj, aby pom\u00f3c i odpowiemy najszybciej, jak to mo\u017cliwe. Niezale\u017cnie od wybranego sposobu, zapewniamy profesjonalne podej\u015bcie i pe\u0142ne zaanga\u017cowanie. Czekamy na Tw\u00f3j kontakt!<\/p>\t\t\t\t\t\t\t\t<\/div>\n\t\t\t\t<\/div>\n\t\t\t\t<div class=\"elementor-element elementor-element-dabe5ad elementor-position-left elementor-vertical-align-middle elementor-view-default elementor-mobile-position-top elementor-widget elementor-widget-icon-box\" data-id=\"dabe5ad\" data-element_type=\"widget\" data-widget_type=\"icon-box.default\">\n\t\t\t\t<div class=\"elementor-widget-container\">\n\t\t\t\t\t\t\t<div class=\"elementor-icon-box-wrapper\">\n\n\t\t\t\t\t\t<div class=\"elementor-icon-box-icon\">\n\t\t\t\t<span  class=\"elementor-icon\">\n\t\t\t\t<svg aria-hidden=\"true\" class=\"e-font-icon-svg e-fas-map-marker-alt\" viewbox=\"0 0 384 512\" xmlns=\"http:\/\/www.w3.org\/2000\/svg\"><path d=\"M172.268 501.67C26.97 291.031 0 269.413 0 192 0 85.961 85.961 0 192 0s192 85.961 192 192c0 77.413-26.97 99.031-172.268 309.67-9.535 13.774-29.93 13.773-39.464 0zM192 272c44.183 0 80-35.817 80-80s-35.817-80-80-80-80 35.817-80 80 35.817 80 80 80z\"><\/path><\/svg>\t\t\t\t<\/span>\n\t\t\t<\/div>\n\t\t\t\n\t\t\t\t\t\t<div class=\"elementor-icon-box-content\">\n\n\t\t\t\t\t\t\t\t\t<h3 class=\"elementor-icon-box-title\">\n\t\t\t\t\t\t<span  >\n\t\t\t\t\t\t\tLokalizacja firmy\t\t\t\t\t\t<\/span>\n\t\t\t\t\t<\/h3>\n\t\t\t\t\n\t\t\t\t\t\t\t\t\t<p class=\"elementor-icon-box-description\">\n\t\t\t\t\t\tul. Marsz. J\u00f3zefa Pi\u0142sudskiego 74\/320, 50-020 Wroc\u0142aw\t\t\t\t\t<\/p>\n\t\t\t\t\n\t\t\t<\/div>\n\t\t\t\n\t\t<\/div>\n\t\t\t\t\t\t<\/div>\n\t\t\t\t<\/div>\n\t\t\t\t<div class=\"elementor-element elementor-element-7a90a1b elementor-position-left elementor-vertical-align-middle elementor-view-default elementor-mobile-position-top elementor-widget elementor-widget-icon-box\" data-id=\"7a90a1b\" data-element_type=\"widget\" data-widget_type=\"icon-box.default\">\n\t\t\t\t<div class=\"elementor-widget-container\">\n\t\t\t\t\t\t\t<div class=\"elementor-icon-box-wrapper\">\n\n\t\t\t\t\t\t<div class=\"elementor-icon-box-icon\">\n\t\t\t\t<a href=\"tel: 48717000376\" class=\"elementor-icon\" tabindex=\"-1\" aria-label=\"Numer telefonu\">\n\t\t\t\t<svg aria-hidden=\"true\" class=\"e-font-icon-svg e-fas-phone-alt\" viewbox=\"0 0 512 512\" xmlns=\"http:\/\/www.w3.org\/2000\/svg\"><path d=\"M497.39 361.8l-112-48a24 24 0 0 0-28 6.9l-49.6 60.6A370.66 370.66 0 0 1 130.6 204.11l60.6-49.6a23.94 23.94 0 0 0 6.9-28l-48-112A24.16 24.16 0 0 0 122.6.61l-104 24A24 24 0 0 0 0 48c0 256.5 207.9 464 464 464a24 24 0 0 0 23.4-18.6l24-104a24.29 24.29 0 0 0-14.01-27.6z\"><\/path><\/svg>\t\t\t\t<\/a>\n\t\t\t<\/div>\n\t\t\t\n\t\t\t\t\t\t<div class=\"elementor-icon-box-content\">\n\n\t\t\t\t\t\t\t\t\t<h3 class=\"elementor-icon-box-title\">\n\t\t\t\t\t\t<a href=\"tel: 48717000376\" >\n\t\t\t\t\t\t\tNumer telefonu\t\t\t\t\t\t<\/a>\n\t\t\t\t\t<\/h3>\n\t\t\t\t\n\t\t\t\t\t\t\t\t\t<p class=\"elementor-icon-box-description\">\n\t\t\t\t\t\t+48 71 700 03 76\t\t\t\t\t<\/p>\n\t\t\t\t\n\t\t\t<\/div>\n\t\t\t\n\t\t<\/div>\n\t\t\t\t\t\t<\/div>\n\t\t\t\t<\/div>\n\t\t\t\t<div class=\"elementor-element elementor-element-38d34ab elementor-position-left elementor-vertical-align-middle elementor-view-default elementor-mobile-position-top elementor-widget elementor-widget-icon-box\" data-id=\"38d34ab\" data-element_type=\"widget\" data-widget_type=\"icon-box.default\">\n\t\t\t\t<div class=\"elementor-widget-container\">\n\t\t\t\t\t\t\t<div class=\"elementor-icon-box-wrapper\">\n\n\t\t\t\t\t\t<div class=\"elementor-icon-box-icon\">\n\t\t\t\t<a href=\"mailto:office@transcargosilesia.pl\" class=\"elementor-icon\" tabindex=\"-1\" aria-label=\"Adres e-mail\">\n\t\t\t\t<svg aria-hidden=\"true\" class=\"e-font-icon-svg e-fas-at\" viewbox=\"0 0 512 512\" xmlns=\"http:\/\/www.w3.org\/2000\/svg\"><path d=\"M256 8C118.941 8 8 118.919 8 256c0 137.059 110.919 248 248 248 48.154 0 95.342-14.14 135.408-40.223 12.005-7.815 14.625-24.288 5.552-35.372l-10.177-12.433c-7.671-9.371-21.179-11.667-31.373-5.129C325.92 429.757 291.314 440 256 440c-101.458 0-184-82.542-184-184S154.542 72 256 72c100.139 0 184 57.619 184 160 0 38.786-21.093 79.742-58.17 83.693-17.349-.454-16.91-12.857-13.476-30.024l23.433-121.11C394.653 149.75 383.308 136 368.225 136h-44.981a13.518 13.518 0 0 0-13.432 11.993l-.01.092c-14.697-17.901-40.448-21.775-59.971-21.775-74.58 0-137.831 62.234-137.831 151.46 0 65.303 36.785 105.87 96 105.87 26.984 0 57.369-15.637 74.991-38.333 9.522 34.104 40.613 34.103 70.71 34.103C462.609 379.41 504 307.798 504 232 504 95.653 394.023 8 256 8zm-21.68 304.43c-22.249 0-36.07-15.623-36.07-40.771 0-44.993 30.779-72.729 58.63-72.729 22.292 0 35.601 15.241 35.601 40.77 0 45.061-33.875 72.73-58.161 72.73z\"><\/path><\/svg>\t\t\t\t<\/a>\n\t\t\t<\/div>\n\t\t\t\n\t\t\t\t\t\t<div class=\"elementor-icon-box-content\">\n\n\t\t\t\t\t\t\t\t\t<h3 class=\"elementor-icon-box-title\">\n\t\t\t\t\t\t<a href=\"mailto:office@transcargosilesia.pl\" >\n\t\t\t\t\t\t\tAdres e-mail\t\t\t\t\t\t<\/a>\n\t\t\t\t\t<\/h3>\n\t\t\t\t\n\t\t\t\t\t\t\t\t\t<p class=\"elementor-icon-box-description\">\n\t\t\t\t\t\toffice@transcargosilesia.pl\t\t\t\t\t<\/p>\n\t\t\t\t\n\t\t\t<\/div>\n\t\t\t\n\t\t<\/div>\n\t\t\t\t\t\t<\/div>\n\t\t\t\t<\/div>\n\t\t\t\t<\/div>\n\t\t<div class=\"elementor-element elementor-element-fec07d7 e-con-full e-flex e-con e-child\" data-id=\"fec07d7\" data-element_type=\"container\">\n\t\t\t\t<div class=\"elementor-element elementor-element-25a2461 elementor-button-align-center elementor-widget elementor-widget-form\" data-id=\"25a2461\" data-element_type=\"widget\" data-settings=\"{&quot;step_next_label&quot;:&quot;Next&quot;,&quot;step_previous_label&quot;:&quot;Previous&quot;,&quot;button_width&quot;:&quot;100&quot;,&quot;step_type&quot;:&quot;number_text&quot;,&quot;step_icon_shape&quot;:&quot;circle&quot;}\" data-widget_type=\"form.default\">\n\t\t\t\t<div class=\"elementor-widget-container\">\n\t\t\t\t\t\t\t<form class=\"elementor-form\" method=\"post\" name=\"Formularz kontaktowy\" action=\"\">\n\t\t\t<input type=\"hidden\" name=\"post_id\" value=\"36\"\/>\n\t\t\t<input type=\"hidden\" name=\"form_id\" value=\"25a2461\"\/>\n\t\t\t<input type=\"hidden\" name=\"referer_title\" value=\"Transcargo Silesia\" \/>\n\n\t\t\t\n\t\t\t<div class=\"elementor-form-fields-wrapper elementor-labels-above\">\n\t\t\t\t\t\t\t\t<div class=\"elementor-field-type-text elementor-field-group elementor-column elementor-field-group-name elementor-col-50 elementor-field-required elementor-mark-required\">\n\t\t\t\t\t\t\t\t\t\t\t\t<label for=\"form-field-name\" class=\"elementor-field-label\">\n\t\t\t\t\t\t\t\tNazwa firmy\t\t\t\t\t\t\t<\/label>\n\t\t\t\t\t\t\t\t\t\t\t\t\t\t<input size=\"1\" type=\"text\" name=\"form_fields[name]\" id=\"form-field-name\" class=\"elementor-field elementor-size-sm  elementor-field-textual\" placeholder=\"Nazwa firmy\" required=\"required\" aria-required=\"true\">\n\t\t\t\t\t\t\t\t\t\t\t<\/div>\n\t\t\t\t\t\t\t\t<div class=\"elementor-field-type-text elementor-field-group elementor-column elementor-field-group-field_af7156d elementor-col-50 elementor-field-required elementor-mark-required\">\n\t\t\t\t\t\t\t\t\t\t\t\t<label for=\"form-field-field_af7156d\" class=\"elementor-field-label\">\n\t\t\t\t\t\t\t\tNIP\t\t\t\t\t\t\t<\/label>\n\t\t\t\t\t\t\t\t\t\t\t\t\t\t<input size=\"1\" type=\"text\" name=\"form_fields[field_af7156d]\" id=\"form-field-field_af7156d\" class=\"elementor-field elementor-size-sm  elementor-field-textual\" placeholder=\"NIP\" required=\"required\" aria-required=\"true\">\n\t\t\t\t\t\t\t\t\t\t\t<\/div>\n\t\t\t\t\t\t\t\t<div class=\"elementor-field-type-tel elementor-field-group elementor-column elementor-field-group-email elementor-col-100 elementor-field-required elementor-mark-required\">\n\t\t\t\t\t\t\t\t\t\t\t\t<label for=\"form-field-email\" class=\"elementor-field-label\">\n\t\t\t\t\t\t\t\tNumer telefonu\t\t\t\t\t\t\t<\/label>\n\t\t\t\t\t\t\t\t<input size=\"1\" type=\"tel\" name=\"form_fields[email]\" id=\"form-field-email\" class=\"elementor-field elementor-size-sm  elementor-field-textual\" placeholder=\"Numer telefonu\" required=\"required\" aria-required=\"true\" pattern=\"[0-9()#&amp;+*-=.]+\" title=\"Only numbers and phone characters (#, -, *, etc) are accepted.\">\n\n\t\t\t\t\t\t<\/div>\n\t\t\t\t\t\t\t\t<div class=\"elementor-field-type-email elementor-field-group elementor-column elementor-field-group-field_1274e0d elementor-col-100 elementor-field-required elementor-mark-required\">\n\t\t\t\t\t\t\t\t\t\t\t\t<label for=\"form-field-field_1274e0d\" class=\"elementor-field-label\">\n\t\t\t\t\t\t\t\tAdres e-mail\t\t\t\t\t\t\t<\/label>\n\t\t\t\t\t\t\t\t\t\t\t\t\t\t<input size=\"1\" type=\"email\" name=\"form_fields[field_1274e0d]\" id=\"form-field-field_1274e0d\" class=\"elementor-field elementor-size-sm  elementor-field-textual\" placeholder=\"Adres e-mail\" required=\"required\" aria-required=\"true\">\n\t\t\t\t\t\t\t\t\t\t\t<\/div>\n\t\t\t\t\t\t\t\t<div class=\"elementor-field-type-text\">\n\t\t\t\t\t<input size=\"1\" type=\"text\" name=\"form_fields[field_beea8e6]\" id=\"form-field-field_beea8e6\" class=\"elementor-field elementor-size-sm\" style=\"display:none !important;\">\t\t\t\t<\/div>\n\t\t\t\t\t\t\t\t<div class=\"elementor-field-type-textarea elementor-field-group elementor-column elementor-field-group-message elementor-col-100 elementor-field-required elementor-mark-required\">\n\t\t\t\t\t\t\t\t\t\t\t\t<label for=\"form-field-message\" class=\"elementor-field-label\">\n\t\t\t\t\t\t\t\tWiadomo\u015b\u0107\t\t\t\t\t\t\t<\/label>\n\t\t\t\t\t\t<textarea class=\"elementor-field-textual elementor-field  elementor-size-sm\" name=\"form_fields[message]\" id=\"form-field-message\" rows=\"4\" placeholder=\"Twoja wiadomo\u015b\u0107\" required=\"required\" aria-required=\"true\"><\/textarea>\t\t\t\t<\/div>\n\t\t\t\t\t\t\t\t<div class=\"elementor-field-group elementor-column elementor-field-type-submit elementor-col-100 e-form__buttons\">\n\t\t\t\t\t<button class=\"elementor-button elementor-size-sm\" type=\"submit\">\n\t\t\t\t\t\t<span class=\"elementor-button-content-wrapper\">\n\t\t\t\t\t\t\t\t\t\t\t\t\t\t\t\t\t\t\t\t\t\t<span class=\"elementor-button-text\">Wy\u015blij wiadomo\u015b\u0107<\/span>\n\t\t\t\t\t\t\t\t\t\t\t\t\t<\/span>\n\t\t\t\t\t<\/button>\n\t\t\t\t<\/div>\n\t\t\t<\/div>\n\t\t<input type=\"hidden\" name=\"trp-form-language\" value=\"en\"\/><\/form>\n\t\t\t\t\t\t<\/div>\n\t\t\t\t<\/div>\n\t\t\t\t<\/div>\n\t\t\t\t\t<\/div>\n\t\t\t\t<\/div>\n\t\t<div class=\"elementor-element elementor-element-057ffe1 e-con-full e-flex e-con e-parent\" data-id=\"057ffe1\" data-element_type=\"container\">\n\t\t<div class=\"elementor-element elementor-element-ca892c8 e-con-full e-flex e-con e-child\" data-id=\"ca892c8\" data-element_type=\"container\">\n\t\t\t\t<div class=\"elementor-element elementor-element-069b0fe elementor-widget elementor-widget-google_maps\" data-id=\"069b0fe\" data-element_type=\"widget\" data-widget_type=\"google_maps.default\">\n\t\t\t\t<div class=\"elementor-widget-container\">\n\t\t\t\t\t\t\t<div class=\"elementor-custom-embed\">\n\t\t\t<iframe loading=\"lazy\"\n\t\t\t\t\tsrc=\"https:\/\/maps.google.com\/maps?q=ul.%20Marsz.%20J%C3%B3zefa%20Pi%C5%82sudskiego%2074%2F320%2C%2050-020%20Wroc%C5%82aw&#038;t=m&#038;z=17&#038;output=embed&#038;iwloc=near\"\n\t\t\t\t\ttitle=\"ul. Marsz. J\u00f3zefa Pi\u0142sudskiego 74\/320, 50-020 Wroc\u0142aw\"\n\t\t\t\t\taria-label=\"ul. Marsz. J\u00f3zefa Pi\u0142sudskiego 74\/320, 50-020 Wroc\u0142aw\"\n\t\t\t><\/iframe>\n\t\t<\/div>\n\t\t\t\t\t\t<\/div>\n\t\t\t\t<\/div>\n\t\t\t\t<\/div>\n\t\t\t\t<\/div>\n\t\t\t\t<\/div>","protected":false},"excerpt":{"rendered":"<p>Kontakt Skontaktuj si\u0119 z nami Masz pytania lub potrzebujesz wi\u0119cej informacji? Skontaktuj si\u0119 z nami! Mo\u017cesz do nas zadzwoni\u0107, wys\u0142a\u0107 e-mail lub skorzysta\u0107 z formularza kontaktowego na naszej stronie. Jeste\u015bmy tutaj, aby pom\u00f3c i odpowiemy najszybciej, jak to mo\u017cliwe. Niezale\u017cnie od wybranego sposobu, zapewniamy profesjonalne podej\u015bcie i pe\u0142ne zaanga\u017cowanie. Czekamy na Tw\u00f3j kontakt! Lokalizacja firmy [&hellip;]<\/p>","protected":false},"author":1,"featured_media":524,"parent":0,"menu_order":0,"comment_status":"closed","ping_status":"closed","template":"","meta":{"footnotes":""},"class_list":["post-36","page","type-page","status-publish","has-post-thumbnail","hentry"],"yoast_head":"<!-- This site is optimized with the Yoast SEO plugin v24.3 - https:\/\/yoast.com\/wordpress\/plugins\/seo\/ -->\n<title>Kontakt z nami - Transcargo Silesia<\/title>\n<meta name=\"description\" content=\"Kontakt z Transcargo Silesia. Masz pytania lub potrzebujesz wi\u0119cej informacji? Skontaktuj si\u0119 z nami! Mo\u017cesz do nas zadzwoni\u0107, wys\u0142a\u0107 e-mai...\" \/>\n<meta name=\"robots\" content=\"index, follow, max-snippet:-1, max-image-preview:large, max-video-preview:-1\" \/>\n<link rel=\"canonical\" href=\"https:\/\/transcargosilesia.pl\/en\/kontakt\/\" \/>\n<meta property=\"og:locale\" content=\"en_GB\" \/>\n<meta property=\"og:type\" content=\"article\" \/>\n<meta property=\"og:title\" content=\"Kontakt z nami - Transcargo Silesia\" \/>\n<meta property=\"og:description\" content=\"Kontakt z Transcargo Silesia. Masz pytania lub potrzebujesz wi\u0119cej informacji? Skontaktuj si\u0119 z nami! Mo\u017cesz do nas zadzwoni\u0107, wys\u0142a\u0107 e-mai...\" \/>\n<meta property=\"og:url\" content=\"https:\/\/transcargosilesia.pl\/en\/kontakt\/\" \/>\n<meta property=\"og:site_name\" content=\"Transcargo Silesia\" \/>\n<meta property=\"article:modified_time\" content=\"2025-02-02T21:29:51+00:00\" \/>\n<meta property=\"og:image\" content=\"https:\/\/transcargosilesia.pl\/wp-content\/uploads\/2025\/01\/contact.jpg\" \/>\n\t<meta property=\"og:image:width\" content=\"1280\" \/>\n\t<meta property=\"og:image:height\" content=\"733\" \/>\n\t<meta property=\"og:image:type\" content=\"image\/jpeg\" \/>\n<meta name=\"twitter:card\" content=\"summary_large_image\" \/>\n<meta name=\"twitter:title\" content=\"Kontakt z nami - Transcargo Silesia\" \/>\n<meta name=\"twitter:description\" content=\"Kontakt z Transcargo Silesia. Masz pytania lub potrzebujesz wi\u0119cej informacji? Skontaktuj si\u0119 z nami! Mo\u017cesz do nas zadzwoni\u0107, wys\u0142a\u0107 e-mai...\" \/>\n<meta name=\"twitter:image\" content=\"https:\/\/transcargosilesia.pl\/wp-content\/uploads\/2025\/01\/contact.jpg\" \/>\n<meta name=\"twitter:label1\" content=\"Estimated reading time\" \/>\n\t<meta name=\"twitter:data1\" content=\"1 minute\" \/>\n<script type=\"application\/ld+json\" class=\"yoast-schema-graph\">{\"@context\":\"https:\/\/schema.org\",\"@graph\":[{\"@type\":\"WebPage\",\"@id\":\"https:\/\/transcargosilesia.pl\/kontakt\/\",\"url\":\"https:\/\/transcargosilesia.pl\/kontakt\/\",\"name\":\"Kontakt z nami - Transcargo Silesia\",\"isPartOf\":{\"@id\":\"https:\/\/transcargosilesia.pl\/#website\"},\"primaryImageOfPage\":{\"@id\":\"https:\/\/transcargosilesia.pl\/kontakt\/#primaryimage\"},\"image\":{\"@id\":\"https:\/\/transcargosilesia.pl\/kontakt\/#primaryimage\"},\"thumbnailUrl\":\"https:\/\/transcargosilesia.pl\/wp-content\/uploads\/2025\/01\/contact.jpg\",\"datePublished\":\"2024-03-09T01:27:07+00:00\",\"dateModified\":\"2025-02-02T21:29:51+00:00\",\"description\":\"Kontakt z Transcargo Silesia. Masz pytania lub potrzebujesz wi\u0119cej informacji? Skontaktuj si\u0119 z nami! Mo\u017cesz do nas zadzwoni\u0107, wys\u0142a\u0107 e-mai...\",\"breadcrumb\":{\"@id\":\"https:\/\/transcargosilesia.pl\/kontakt\/#breadcrumb\"},\"inLanguage\":\"en-GB\",\"potentialAction\":[{\"@type\":\"ReadAction\",\"target\":[\"https:\/\/transcargosilesia.pl\/kontakt\/\"]}]},{\"@type\":\"ImageObject\",\"inLanguage\":\"en-GB\",\"@id\":\"https:\/\/transcargosilesia.pl\/kontakt\/#primaryimage\",\"url\":\"https:\/\/transcargosilesia.pl\/wp-content\/uploads\/2025\/01\/contact.jpg\",\"contentUrl\":\"https:\/\/transcargosilesia.pl\/wp-content\/uploads\/2025\/01\/contact.jpg\",\"width\":1280,\"height\":733},{\"@type\":\"BreadcrumbList\",\"@id\":\"https:\/\/transcargosilesia.pl\/kontakt\/#breadcrumb\",\"itemListElement\":[{\"@type\":\"ListItem\",\"position\":1,\"name\":\"Strona g\u0142\u00f3wna\",\"item\":\"https:\/\/transcargosilesia.pl\/\"},{\"@type\":\"ListItem\",\"position\":2,\"name\":\"Kontakt\"}]},{\"@type\":\"WebSite\",\"@id\":\"https:\/\/transcargosilesia.pl\/#website\",\"url\":\"https:\/\/transcargosilesia.pl\/\",\"name\":\"Transcargo Silesia\",\"description\":\"Mi\u0119dzynarodowy transport towar\u00f3w\",\"publisher\":{\"@id\":\"https:\/\/transcargosilesia.pl\/#organization\"},\"potentialAction\":[{\"@type\":\"SearchAction\",\"target\":{\"@type\":\"EntryPoint\",\"urlTemplate\":\"https:\/\/transcargosilesia.pl\/?s={search_term_string}\"},\"query-input\":{\"@type\":\"PropertyValueSpecification\",\"valueRequired\":true,\"valueName\":\"search_term_string\"}}],\"inLanguage\":\"en-GB\"},{\"@type\":\"Organization\",\"@id\":\"https:\/\/transcargosilesia.pl\/#organization\",\"name\":\"Transcargo Silesia\",\"url\":\"https:\/\/transcargosilesia.pl\/\",\"logo\":{\"@type\":\"ImageObject\",\"inLanguage\":\"en-GB\",\"@id\":\"https:\/\/transcargosilesia.pl\/#\/schema\/logo\/image\/\",\"url\":\"https:\/\/transcargosilesia.pl\/wp-content\/uploads\/2024\/03\/cropped-logo.png\",\"contentUrl\":\"https:\/\/transcargosilesia.pl\/wp-content\/uploads\/2024\/03\/cropped-logo.png\",\"width\":1096,\"height\":313,\"caption\":\"Transcargo Silesia\"},\"image\":{\"@id\":\"https:\/\/transcargosilesia.pl\/#\/schema\/logo\/image\/\"}}]}<\/script>\n<!-- \/ Yoast SEO plugin. -->","yoast_head_json":{"title":"Kontakt z nami - Transcargo Silesia","description":"Kontakt z Transcargo Silesia. Masz pytania lub potrzebujesz wi\u0119cej informacji? Skontaktuj si\u0119 z nami! Mo\u017cesz do nas zadzwoni\u0107, wys\u0142a\u0107 e-mai...","robots":{"index":"index","follow":"follow","max-snippet":"max-snippet:-1","max-image-preview":"max-image-preview:large","max-video-preview":"max-video-preview:-1"},"canonical":"https:\/\/transcargosilesia.pl\/en\/kontakt\/","og_locale":"en_GB","og_type":"article","og_title":"Kontakt z nami - Transcargo Silesia","og_description":"Kontakt z Transcargo Silesia. Masz pytania lub potrzebujesz wi\u0119cej informacji? Skontaktuj si\u0119 z nami! Mo\u017cesz do nas zadzwoni\u0107, wys\u0142a\u0107 e-mai...","og_url":"https:\/\/transcargosilesia.pl\/en\/kontakt\/","og_site_name":"Transcargo Silesia","article_modified_time":"2025-02-02T21:29:51+00:00","og_image":[{"width":1280,"height":733,"url":"https:\/\/transcargosilesia.pl\/wp-content\/uploads\/2025\/01\/contact.jpg","type":"image\/jpeg"}],"twitter_card":"summary_large_image","twitter_title":"Kontakt z nami - Transcargo Silesia","twitter_description":"Kontakt z Transcargo Silesia. Masz pytania lub potrzebujesz wi\u0119cej informacji? Skontaktuj si\u0119 z nami! Mo\u017cesz do nas zadzwoni\u0107, wys\u0142a\u0107 e-mai...","twitter_image":"https:\/\/transcargosilesia.pl\/wp-content\/uploads\/2025\/01\/contact.jpg","twitter_misc":{"Estimated reading time":"1 minute"},"schema":{"@context":"https:\/\/schema.org","@graph":[{"@type":"WebPage","@id":"https:\/\/transcargosilesia.pl\/kontakt\/","url":"https:\/\/transcargosilesia.pl\/kontakt\/","name":"Kontakt z nami - Transcargo Silesia","isPartOf":{"@id":"https:\/\/transcargosilesia.pl\/#website"},"primaryImageOfPage":{"@id":"https:\/\/transcargosilesia.pl\/kontakt\/#primaryimage"},"image":{"@id":"https:\/\/transcargosilesia.pl\/kontakt\/#primaryimage"},"thumbnailUrl":"https:\/\/transcargosilesia.pl\/wp-content\/uploads\/2025\/01\/contact.jpg","datePublished":"2024-03-09T01:27:07+00:00","dateModified":"2025-02-02T21:29:51+00:00","description":"Kontakt z Transcargo Silesia. Masz pytania lub potrzebujesz wi\u0119cej informacji? Skontaktuj si\u0119 z nami! Mo\u017cesz do nas zadzwoni\u0107, wys\u0142a\u0107 e-mai...","breadcrumb":{"@id":"https:\/\/transcargosilesia.pl\/kontakt\/#breadcrumb"},"inLanguage":"en-GB","potentialAction":[{"@type":"ReadAction","target":["https:\/\/transcargosilesia.pl\/kontakt\/"]}]},{"@type":"ImageObject","inLanguage":"en-GB","@id":"https:\/\/transcargosilesia.pl\/kontakt\/#primaryimage","url":"https:\/\/transcargosilesia.pl\/wp-content\/uploads\/2025\/01\/contact.jpg","contentUrl":"https:\/\/transcargosilesia.pl\/wp-content\/uploads\/2025\/01\/contact.jpg","width":1280,"height":733},{"@type":"BreadcrumbList","@id":"https:\/\/transcargosilesia.pl\/kontakt\/#breadcrumb","itemListElement":[{"@type":"ListItem","position":1,"name":"Strona g\u0142\u00f3wna","item":"https:\/\/transcargosilesia.pl\/"},{"@type":"ListItem","position":2,"name":"Kontakt"}]},{"@type":"WebSite","@id":"https:\/\/transcargosilesia.pl\/#website","url":"https:\/\/transcargosilesia.pl\/","name":"Transcargo Silesia","description":"Mi\u0119dzynarodowy transport towar\u00f3w","publisher":{"@id":"https:\/\/transcargosilesia.pl\/#organization"},"potentialAction":[{"@type":"SearchAction","target":{"@type":"EntryPoint","urlTemplate":"https:\/\/transcargosilesia.pl\/?s={search_term_string}"},"query-input":{"@type":"PropertyValueSpecification","valueRequired":true,"valueName":"search_term_string"}}],"inLanguage":"en-GB"},{"@type":"Organization","@id":"https:\/\/transcargosilesia.pl\/#organization","name":"Transcargo Silesia","url":"https:\/\/transcargosilesia.pl\/","logo":{"@type":"ImageObject","inLanguage":"en-GB","@id":"https:\/\/transcargosilesia.pl\/#\/schema\/logo\/image\/","url":"https:\/\/transcargosilesia.pl\/wp-content\/uploads\/2024\/03\/cropped-logo.png","contentUrl":"https:\/\/transcargosilesia.pl\/wp-content\/uploads\/2024\/03\/cropped-logo.png","width":1096,"height":313,"caption":"Transcargo Silesia"},"image":{"@id":"https:\/\/transcargosilesia.pl\/#\/schema\/logo\/image\/"}}]}},"_links":{"self":[{"href":"https:\/\/transcargosilesia.pl\/en\/wp-json\/wp\/v2\/pages\/36","targetHints":{"allow":["GET"]}}],"collection":[{"href":"https:\/\/transcargosilesia.pl\/en\/wp-json\/wp\/v2\/pages"}],"about":[{"href":"https:\/\/transcargosilesia.pl\/en\/wp-json\/wp\/v2\/types\/page"}],"author":[{"embeddable":true,"href":"https:\/\/transcargosilesia.pl\/en\/wp-json\/wp\/v2\/users\/1"}],"replies":[{"embeddable":true,"href":"https:\/\/transcargosilesia.pl\/en\/wp-json\/wp\/v2\/comments?post=36"}],"version-history":[{"count":55,"href":"https:\/\/transcargosilesia.pl\/en\/wp-json\/wp\/v2\/pages\/36\/revisions"}],"predecessor-version":[{"id":872,"href":"https:\/\/transcargosilesia.pl\/en\/wp-json\/wp\/v2\/pages\/36\/revisions\/872"}],"wp:featuredmedia":[{"embeddable":true,"href":"https:\/\/transcargosilesia.pl\/en\/wp-json\/wp\/v2\/media\/524"}],"wp:attachment":[{"href":"https:\/\/transcargosilesia.pl\/en\/wp-json\/wp\/v2\/media?parent=36"}],"curies":[{"name":"wp","href":"https:\/\/api.w.org\/{rel}","templated":true}]}}