{"id":373,"date":"2025-01-17T01:15:44","date_gmt":"2025-01-17T00:15:44","guid":{"rendered":"https:\/\/transcargosilesia.pl\/?page_id=373"},"modified":"2025-11-20T19:40:14","modified_gmt":"2025-11-20T18:40:14","slug":"oferta","status":"publish","type":"page","link":"https:\/\/transcargosilesia.pl\/en\/oferta\/","title":{"rendered":"Oferta"},"content":{"rendered":"<div data-elementor-type=\"wp-page\" data-elementor-id=\"373\" class=\"elementor elementor-373\" data-elementor-post-type=\"page\">\n\t\t\t\t<div class=\"elementor-element elementor-element-b11d4a7 e-flex e-con-boxed e-con e-parent\" data-id=\"b11d4a7\" data-element_type=\"container\" data-settings=\"{&quot;background_background&quot;:&quot;classic&quot;}\">\n\t\t\t\t\t<div class=\"e-con-inner\">\n\t\t\t\t<div class=\"elementor-element elementor-element-b8a997b elementor-widget elementor-widget-heading\" data-id=\"b8a997b\" data-element_type=\"widget\" data-widget_type=\"heading.default\">\n\t\t\t\t<div class=\"elementor-widget-container\">\n\t\t\t\t\t<h1 class=\"elementor-heading-title elementor-size-default\">Oferta<\/h1>\t\t\t\t<\/div>\n\t\t\t\t<\/div>\n\t\t\t\t<div class=\"elementor-element elementor-element-a9715d4 elementor-icon-list--layout-inline elementor-list-item-link-inline elementor-align-center elementor-widget elementor-widget-icon-list\" data-id=\"a9715d4\" data-element_type=\"widget\" data-widget_type=\"icon-list.default\">\n\t\t\t\t<div class=\"elementor-widget-container\">\n\t\t\t\t\t\t\t<ul class=\"elementor-icon-list-items elementor-inline-items\">\n\t\t\t\t\t\t\t<li class=\"elementor-icon-list-item elementor-inline-item\">\n\t\t\t\t\t\t\t\t\t\t\t<a href=\"https:\/\/transcargosilesia.pl\/en\">\n\n\t\t\t\t\t\t\t\t\t\t\t<span class=\"elementor-icon-list-text\">G\u0142\u00f3wna<\/span>\n\t\t\t\t\t\t\t\t\t\t\t<\/a>\n\t\t\t\t\t\t\t\t\t<\/li>\n\t\t\t\t\t\t\t\t<li class=\"elementor-icon-list-item elementor-inline-item\">\n\t\t\t\t\t\t\t\t\t\t\t<span class=\"elementor-icon-list-icon\">\n\t\t\t\t\t\t\t<svg aria-hidden=\"true\" class=\"e-font-icon-svg e-fas-chevron-right\" viewbox=\"0 0 320 512\" xmlns=\"http:\/\/www.w3.org\/2000\/svg\"><path d=\"M285.476 272.971L91.132 467.314c-9.373 9.373-24.569 9.373-33.941 0l-22.667-22.667c-9.357-9.357-9.375-24.522-.04-33.901L188.505 256 34.484 101.255c-9.335-9.379-9.317-24.544.04-33.901l22.667-22.667c9.373-9.373 24.569-9.373 33.941 0L285.475 239.03c9.373 9.372 9.373 24.568.001 33.941z\"><\/path><\/svg>\t\t\t\t\t\t<\/span>\n\t\t\t\t\t\t\t\t\t\t<span class=\"elementor-icon-list-text\">Oferta<\/span>\n\t\t\t\t\t\t\t\t\t<\/li>\n\t\t\t\t\t\t<\/ul>\n\t\t\t\t\t\t<\/div>\n\t\t\t\t<\/div>\n\t\t\t\t\t<\/div>\n\t\t\t\t<\/div>\n\t\t<div class=\"elementor-element elementor-element-35a1aec e-flex e-con-boxed e-con e-parent\" data-id=\"35a1aec\" data-element_type=\"container\">\n\t\t\t\t\t<div class=\"e-con-inner\">\n\t\t<div class=\"elementor-element elementor-element-97cd1c4 e-con-full e-flex e-con e-child\" data-id=\"97cd1c4\" data-element_type=\"container\">\n\t\t\t\t<div class=\"elementor-element elementor-element-74e9c3a elementor-widget elementor-widget-heading\" data-id=\"74e9c3a\" data-element_type=\"widget\" data-widget_type=\"heading.default\">\n\t\t\t\t<div class=\"elementor-widget-container\">\n\t\t\t\t\t<h2 class=\"elementor-heading-title elementor-size-default\">Naza oferta<\/h2>\t\t\t\t<\/div>\n\t\t\t\t<\/div>\n\t\t\t\t<div class=\"elementor-element elementor-element-f2ab242 elementor-widget elementor-widget-text-editor\" data-id=\"f2ab242\" data-element_type=\"widget\" data-widget_type=\"text-editor.default\">\n\t\t\t\t<div class=\"elementor-widget-container\">\n\t\t\t\t\t\t\t\t\t<p><strong>W TransCargo Silesia<\/strong> specjalizujemy<\/p>\t\t\t\t\t\t\t\t<\/div>\n\t\t\t\t<\/div>\n\t\t<div class=\"elementor-element elementor-element-6d407d9 e-con-full e-flex e-con e-child\" data-id=\"6d407d9\" data-element_type=\"container\">\n\t\t<div class=\"elementor-element elementor-element-27513d8 e-con-full e-flex elementor-invisible e-con e-child\" data-id=\"27513d8\" data-element_type=\"container\" data-settings=\"{&quot;background_background&quot;:&quot;classic&quot;,&quot;animation&quot;:&quot;fadeInLeft&quot;,&quot;animation_delay&quot;:150}\">\n\t\t\t\t<div class=\"elementor-element elementor-element-ae0017c elementor-widget elementor-widget-image\" data-id=\"ae0017c\" data-element_type=\"widget\" data-widget_type=\"image.default\">\n\t\t\t\t<div class=\"elementor-widget-container\">\n\t\t\t\t\t\t\t\t\t\t\t\t\t\t\t<img fetchpriority=\"high\" decoding=\"async\" width=\"800\" height=\"600\" src=\"https:\/\/transcargosilesia.pl\/wp-content\/uploads\/2025\/01\/sprzet-dla-transport-transcargo-silesia.png\" class=\"attachment-large size-large wp-image-342\" alt=\"\" srcset=\"https:\/\/transcargosilesia.pl\/wp-content\/uploads\/2025\/01\/sprzet-dla-transport-transcargo-silesia.png 1024w, https:\/\/transcargosilesia.pl\/wp-content\/uploads\/2025\/01\/sprzet-dla-transport-transcargo-silesia-300x225.png 300w, https:\/\/transcargosilesia.pl\/wp-content\/uploads\/2025\/01\/sprzet-dla-transport-transcargo-silesia-768x576.png 768w, https:\/\/transcargosilesia.pl\/wp-content\/uploads\/2025\/01\/sprzet-dla-transport-transcargo-silesia-16x12.png 16w\" sizes=\"(max-width: 800px) 100vw, 800px\" \/>\t\t\t\t\t\t\t\t\t\t\t\t\t\t\t<\/div>\n\t\t\t\t<\/div>\n\t\t\t\t<div class=\"elementor-element elementor-element-9032a43 elementor-widget elementor-widget-heading\" data-id=\"9032a43\" data-element_type=\"widget\" data-widget_type=\"heading.default\">\n\t\t\t\t<div class=\"elementor-widget-container\">\n\t\t\t\t\t<h3 class=\"elementor-heading-title elementor-size-default\">Sprz\u0119t dla transportu<\/h3>\t\t\t\t<\/div>\n\t\t\t\t<\/div>\n\t\t\t\t<div class=\"elementor-element elementor-element-fd8cb18 elementor-widget elementor-widget-text-editor\" data-id=\"fd8cb18\" data-element_type=\"widget\" data-widget_type=\"text-editor.default\">\n\t\t\t\t<div class=\"elementor-widget-container\">\n\t\t\t\t\t\t\t\t\t<p>Oferujemy nowoczesny sprz\u0119t dla transportu, zapewniaj\u0105c niezawodno\u015b\u0107, wydajno\u015b\u0107 i rozwi\u0105zania idealnie dopasowane do potrzeb.<\/p>\t\t\t\t\t\t\t\t<\/div>\n\t\t\t\t<\/div>\n\t\t\t\t<div class=\"elementor-element elementor-element-b98477a elementor-align-center elementor-widget elementor-widget-button\" data-id=\"b98477a\" data-element_type=\"widget\" data-widget_type=\"button.default\">\n\t\t\t\t<div class=\"elementor-widget-container\">\n\t\t\t\t\t\t\t\t\t<div class=\"elementor-button-wrapper\">\n\t\t\t\t\t<a class=\"elementor-button elementor-button-link elementor-size-sm\" href=\"#\">\n\t\t\t\t\t\t<span class=\"elementor-button-content-wrapper\">\n\t\t\t\t\t\t\t\t\t<span class=\"elementor-button-text\">Dowiedz si\u0119 wi\u0119cej<\/span>\n\t\t\t\t\t<\/span>\n\t\t\t\t\t<\/a>\n\t\t\t\t<\/div>\n\t\t\t\t\t\t\t\t<\/div>\n\t\t\t\t<\/div>\n\t\t\t\t<\/div>\n\t\t\t\t<\/div>\n\t\t\t\t<\/div>\n\t\t\t\t\t<\/div>\n\t\t\t\t<\/div>\n\t\t\t\t<\/div>","protected":false},"excerpt":{"rendered":"<p>Oferta G\u0142\u00f3wna Oferta Naza oferta W TransCargo Silesia specjalizujemy Sprz\u0119t dla transportu Oferujemy nowoczesny sprz\u0119t dla transportu, zapewniaj\u0105c niezawodno\u015b\u0107, wydajno\u015b\u0107 i rozwi\u0105zania idealnie dopasowane do potrzeb. Dowiedz si\u0119 wi\u0119cej<\/p>","protected":false},"author":1,"featured_media":0,"parent":0,"menu_order":0,"comment_status":"closed","ping_status":"closed","template":"","meta":{"footnotes":""},"class_list":["post-373","page","type-page","status-publish","hentry"],"yoast_head":"<!-- This site is optimized with the Yoast SEO plugin v24.3 - https:\/\/yoast.com\/wordpress\/plugins\/seo\/ -->\n<title>Oferta - Transcargo Silesia<\/title>\n<meta name=\"robots\" content=\"index, follow, max-snippet:-1, max-image-preview:large, max-video-preview:-1\" \/>\n<link rel=\"canonical\" href=\"https:\/\/transcargosilesia.pl\/en\/oferta\/\" \/>\n<meta property=\"og:locale\" content=\"en_GB\" \/>\n<meta property=\"og:type\" content=\"article\" \/>\n<meta property=\"og:title\" content=\"Oferta - Transcargo Silesia\" \/>\n<meta property=\"og:description\" content=\"Oferta G\u0142\u00f3wna Oferta Naza oferta W TransCargo Silesia specjalizujemy Sprz\u0119t dla transportu Oferujemy nowoczesny sprz\u0119t dla transportu, zapewniaj\u0105c niezawodno\u015b\u0107, wydajno\u015b\u0107 i rozwi\u0105zania idealnie dopasowane do potrzeb. Dowiedz si\u0119 wi\u0119cej\" \/>\n<meta property=\"og:url\" content=\"https:\/\/transcargosilesia.pl\/en\/oferta\/\" \/>\n<meta property=\"og:site_name\" content=\"Transcargo Silesia\" \/>\n<meta property=\"article:modified_time\" content=\"2025-11-20T18:40:14+00:00\" \/>\n<meta property=\"og:image\" content=\"https:\/\/transcargosilesia.pl\/wp-content\/uploads\/2025\/01\/sprzet-dla-transport-transcargo-silesia.png\" \/>\n\t<meta property=\"og:image:width\" content=\"1024\" \/>\n\t<meta property=\"og:image:height\" content=\"768\" \/>\n\t<meta property=\"og:image:type\" content=\"image\/png\" \/>\n<meta name=\"twitter:card\" content=\"summary_large_image\" \/>\n<meta name=\"twitter:label1\" content=\"Estimated reading time\" \/>\n\t<meta name=\"twitter:data1\" content=\"1 minute\" \/>\n<script type=\"application\/ld+json\" class=\"yoast-schema-graph\">{\"@context\":\"https:\/\/schema.org\",\"@graph\":[{\"@type\":\"WebPage\",\"@id\":\"https:\/\/transcargosilesia.pl\/oferta\/\",\"url\":\"https:\/\/transcargosilesia.pl\/oferta\/\",\"name\":\"Oferta - Transcargo Silesia\",\"isPartOf\":{\"@id\":\"https:\/\/transcargosilesia.pl\/#website\"},\"primaryImageOfPage\":{\"@id\":\"https:\/\/transcargosilesia.pl\/oferta\/#primaryimage\"},\"image\":{\"@id\":\"https:\/\/transcargosilesia.pl\/oferta\/#primaryimage\"},\"thumbnailUrl\":\"https:\/\/transcargosilesia.pl\/wp-content\/uploads\/2025\/01\/sprzet-dla-transport-transcargo-silesia.png\",\"datePublished\":\"2025-01-17T00:15:44+00:00\",\"dateModified\":\"2025-11-20T18:40:14+00:00\",\"breadcrumb\":{\"@id\":\"https:\/\/transcargosilesia.pl\/oferta\/#breadcrumb\"},\"inLanguage\":\"en-GB\",\"potentialAction\":[{\"@type\":\"ReadAction\",\"target\":[\"https:\/\/transcargosilesia.pl\/oferta\/\"]}]},{\"@type\":\"ImageObject\",\"inLanguage\":\"en-GB\",\"@id\":\"https:\/\/transcargosilesia.pl\/oferta\/#primaryimage\",\"url\":\"https:\/\/transcargosilesia.pl\/wp-content\/uploads\/2025\/01\/sprzet-dla-transport-transcargo-silesia.png\",\"contentUrl\":\"https:\/\/transcargosilesia.pl\/wp-content\/uploads\/2025\/01\/sprzet-dla-transport-transcargo-silesia.png\"},{\"@type\":\"BreadcrumbList\",\"@id\":\"https:\/\/transcargosilesia.pl\/oferta\/#breadcrumb\",\"itemListElement\":[{\"@type\":\"ListItem\",\"position\":1,\"name\":\"Strona g\u0142\u00f3wna\",\"item\":\"https:\/\/transcargosilesia.pl\/\"},{\"@type\":\"ListItem\",\"position\":2,\"name\":\"Oferta\"}]},{\"@type\":\"WebSite\",\"@id\":\"https:\/\/transcargosilesia.pl\/#website\",\"url\":\"https:\/\/transcargosilesia.pl\/\",\"name\":\"Transcargo Silesia\",\"description\":\"Mi\u0119dzynarodowy transport towar\u00f3w\",\"publisher\":{\"@id\":\"https:\/\/transcargosilesia.pl\/#organization\"},\"potentialAction\":[{\"@type\":\"SearchAction\",\"target\":{\"@type\":\"EntryPoint\",\"urlTemplate\":\"https:\/\/transcargosilesia.pl\/?s={search_term_string}\"},\"query-input\":{\"@type\":\"PropertyValueSpecification\",\"valueRequired\":true,\"valueName\":\"search_term_string\"}}],\"inLanguage\":\"en-GB\"},{\"@type\":\"Organization\",\"@id\":\"https:\/\/transcargosilesia.pl\/#organization\",\"name\":\"Transcargo Silesia\",\"url\":\"https:\/\/transcargosilesia.pl\/\",\"logo\":{\"@type\":\"ImageObject\",\"inLanguage\":\"en-GB\",\"@id\":\"https:\/\/transcargosilesia.pl\/#\/schema\/logo\/image\/\",\"url\":\"https:\/\/transcargosilesia.pl\/wp-content\/uploads\/2024\/03\/cropped-logo.png\",\"contentUrl\":\"https:\/\/transcargosilesia.pl\/wp-content\/uploads\/2024\/03\/cropped-logo.png\",\"width\":1096,\"height\":313,\"caption\":\"Transcargo Silesia\"},\"image\":{\"@id\":\"https:\/\/transcargosilesia.pl\/#\/schema\/logo\/image\/\"}}]}<\/script>\n<!-- \/ Yoast SEO plugin. -->","yoast_head_json":{"title":"Oferta - Transcargo Silesia","robots":{"index":"index","follow":"follow","max-snippet":"max-snippet:-1","max-image-preview":"max-image-preview:large","max-video-preview":"max-video-preview:-1"},"canonical":"https:\/\/transcargosilesia.pl\/en\/oferta\/","og_locale":"en_GB","og_type":"article","og_title":"Oferta - Transcargo Silesia","og_description":"Oferta G\u0142\u00f3wna Oferta Naza oferta W TransCargo Silesia specjalizujemy Sprz\u0119t dla transportu Oferujemy nowoczesny sprz\u0119t dla transportu, zapewniaj\u0105c niezawodno\u015b\u0107, wydajno\u015b\u0107 i rozwi\u0105zania idealnie dopasowane do potrzeb. Dowiedz si\u0119 wi\u0119cej","og_url":"https:\/\/transcargosilesia.pl\/en\/oferta\/","og_site_name":"Transcargo Silesia","article_modified_time":"2025-11-20T18:40:14+00:00","og_image":[{"width":1024,"height":768,"url":"https:\/\/transcargosilesia.pl\/wp-content\/uploads\/2025\/01\/sprzet-dla-transport-transcargo-silesia.png","type":"image\/png"}],"twitter_card":"summary_large_image","twitter_misc":{"Estimated reading time":"1 minute"},"schema":{"@context":"https:\/\/schema.org","@graph":[{"@type":"WebPage","@id":"https:\/\/transcargosilesia.pl\/oferta\/","url":"https:\/\/transcargosilesia.pl\/oferta\/","name":"Oferta - Transcargo Silesia","isPartOf":{"@id":"https:\/\/transcargosilesia.pl\/#website"},"primaryImageOfPage":{"@id":"https:\/\/transcargosilesia.pl\/oferta\/#primaryimage"},"image":{"@id":"https:\/\/transcargosilesia.pl\/oferta\/#primaryimage"},"thumbnailUrl":"https:\/\/transcargosilesia.pl\/wp-content\/uploads\/2025\/01\/sprzet-dla-transport-transcargo-silesia.png","datePublished":"2025-01-17T00:15:44+00:00","dateModified":"2025-11-20T18:40:14+00:00","breadcrumb":{"@id":"https:\/\/transcargosilesia.pl\/oferta\/#breadcrumb"},"inLanguage":"en-GB","potentialAction":[{"@type":"ReadAction","target":["https:\/\/transcargosilesia.pl\/oferta\/"]}]},{"@type":"ImageObject","inLanguage":"en-GB","@id":"https:\/\/transcargosilesia.pl\/oferta\/#primaryimage","url":"https:\/\/transcargosilesia.pl\/wp-content\/uploads\/2025\/01\/sprzet-dla-transport-transcargo-silesia.png","contentUrl":"https:\/\/transcargosilesia.pl\/wp-content\/uploads\/2025\/01\/sprzet-dla-transport-transcargo-silesia.png"},{"@type":"BreadcrumbList","@id":"https:\/\/transcargosilesia.pl\/oferta\/#breadcrumb","itemListElement":[{"@type":"ListItem","position":1,"name":"Strona g\u0142\u00f3wna","item":"https:\/\/transcargosilesia.pl\/"},{"@type":"ListItem","position":2,"name":"Oferta"}]},{"@type":"WebSite","@id":"https:\/\/transcargosilesia.pl\/#website","url":"https:\/\/transcargosilesia.pl\/","name":"Transcargo Silesia","description":"Mi\u0119dzynarodowy transport towar\u00f3w","publisher":{"@id":"https:\/\/transcargosilesia.pl\/#organization"},"potentialAction":[{"@type":"SearchAction","target":{"@type":"EntryPoint","urlTemplate":"https:\/\/transcargosilesia.pl\/?s={search_term_string}"},"query-input":{"@type":"PropertyValueSpecification","valueRequired":true,"valueName":"search_term_string"}}],"inLanguage":"en-GB"},{"@type":"Organization","@id":"https:\/\/transcargosilesia.pl\/#organization","name":"Transcargo Silesia","url":"https:\/\/transcargosilesia.pl\/","logo":{"@type":"ImageObject","inLanguage":"en-GB","@id":"https:\/\/transcargosilesia.pl\/#\/schema\/logo\/image\/","url":"https:\/\/transcargosilesia.pl\/wp-content\/uploads\/2024\/03\/cropped-logo.png","contentUrl":"https:\/\/transcargosilesia.pl\/wp-content\/uploads\/2024\/03\/cropped-logo.png","width":1096,"height":313,"caption":"Transcargo Silesia"},"image":{"@id":"https:\/\/transcargosilesia.pl\/#\/schema\/logo\/image\/"}}]}},"_links":{"self":[{"href":"https:\/\/transcargosilesia.pl\/en\/wp-json\/wp\/v2\/pages\/373","targetHints":{"allow":["GET"]}}],"collection":[{"href":"https:\/\/transcargosilesia.pl\/en\/wp-json\/wp\/v2\/pages"}],"about":[{"href":"https:\/\/transcargosilesia.pl\/en\/wp-json\/wp\/v2\/types\/page"}],"author":[{"embeddable":true,"href":"https:\/\/transcargosilesia.pl\/en\/wp-json\/wp\/v2\/users\/1"}],"replies":[{"embeddable":true,"href":"https:\/\/transcargosilesia.pl\/en\/wp-json\/wp\/v2\/comments?post=373"}],"version-history":[{"count":10,"href":"https:\/\/transcargosilesia.pl\/en\/wp-json\/wp\/v2\/pages\/373\/revisions"}],"predecessor-version":[{"id":922,"href":"https:\/\/transcargosilesia.pl\/en\/wp-json\/wp\/v2\/pages\/373\/revisions\/922"}],"wp:attachment":[{"href":"https:\/\/transcargosilesia.pl\/en\/wp-json\/wp\/v2\/media?parent=373"}],"curies":[{"name":"wp","href":"https:\/\/api.w.org\/{rel}","templated":true}]}}