{"id":563,"date":"2025-01-20T16:56:11","date_gmt":"2025-01-20T15:56:11","guid":{"rendered":"https:\/\/transcargosilesia.pl\/?page_id=563"},"modified":"2025-01-23T14:19:22","modified_gmt":"2025-01-23T13:19:22","slug":"rampa-pc-600-1800-kg","status":"publish","type":"page","link":"https:\/\/transcargosilesia.pl\/en\/rampa-pc-600-1800-kg\/","title":{"rendered":"Rampa PC 600-1800 kg"},"content":{"rendered":"<div data-elementor-type=\"wp-page\" data-elementor-id=\"563\" class=\"elementor elementor-563\" data-elementor-post-type=\"page\">\n\t\t\t\t<div class=\"elementor-element elementor-element-b11d4a7 e-flex e-con-boxed e-con e-parent\" data-id=\"b11d4a7\" data-element_type=\"container\" data-settings=\"{&quot;background_background&quot;:&quot;classic&quot;}\">\n\t\t\t\t\t<div class=\"e-con-inner\">\n\t\t\t\t<div class=\"elementor-element elementor-element-b8a997b elementor-widget elementor-widget-heading\" data-id=\"b8a997b\" data-element_type=\"widget\" data-widget_type=\"heading.default\">\n\t\t\t\t<div class=\"elementor-widget-container\">\n\t\t\t\t\t<h1 class=\"elementor-heading-title elementor-size-default\">Rampy za\u0142adunkowe <\/h1>\t\t\t\t<\/div>\n\t\t\t\t<\/div>\n\t\t\t\t\t<\/div>\n\t\t\t\t<\/div>\n\t\t<div class=\"elementor-element elementor-element-fb91d04 e-flex e-con-boxed e-con e-parent\" data-id=\"fb91d04\" data-element_type=\"container\">\n\t\t\t\t\t<div class=\"e-con-inner\">\n\t\t\t\t<div class=\"elementor-element elementor-element-d2ee3fc elementor-widget elementor-widget-spacer\" data-id=\"d2ee3fc\" data-element_type=\"widget\" data-widget_type=\"spacer.default\">\n\t\t\t\t<div class=\"elementor-widget-container\">\n\t\t\t\t\t\t\t<div class=\"elementor-spacer\">\n\t\t\t<div class=\"elementor-spacer-inner\"><\/div>\n\t\t<\/div>\n\t\t\t\t\t\t<\/div>\n\t\t\t\t<\/div>\n\t\t\t\t\t<\/div>\n\t\t\t\t<\/div>\n\t\t<div class=\"elementor-element elementor-element-2871382 e-flex e-con-boxed e-con e-parent\" data-id=\"2871382\" data-element_type=\"container\">\n\t\t\t\t\t<div class=\"e-con-inner\">\n\t\t<div class=\"elementor-element elementor-element-52dbb1e e-con-full e-flex e-con e-child\" data-id=\"52dbb1e\" data-element_type=\"container\">\n\t\t\t\t<div class=\"elementor-element elementor-element-8acc9e5 elementor-widget elementor-widget-heading\" data-id=\"8acc9e5\" data-element_type=\"widget\" data-widget_type=\"heading.default\">\n\t\t\t\t<div class=\"elementor-widget-container\">\n\t\t\t\t\t<h2 class=\"elementor-heading-title elementor-size-default\">Rampa Seria PC 600-1800 kg<\/h2>\t\t\t\t<\/div>\n\t\t\t\t<\/div>\n\t\t\t\t<div class=\"elementor-element elementor-element-ddc2ca2 elementor-widget elementor-widget-text-editor\" data-id=\"ddc2ca2\" data-element_type=\"widget\" data-widget_type=\"text-editor.default\">\n\t\t\t\t<div class=\"elementor-widget-container\">\n\t\t\t\t\t\t\t\t\t<p>Seria PC o ud\u017awigu 600-1800 kg to wyj\u0105tkowo funkcjonalne i zaawansowane rampy za\u0142adunkowe, kt\u00f3re doskonale sprawdzaj\u0105 si\u0119 przy intensywnych pracach transportowych. Zaprojektowane z my\u015bl\u0105 o wysokich wymaganiach dotycz\u0105cych no\u015bno\u015bci i wygody obs\u0142ugi, s\u0105 idealnym rozwi\u0105zaniem dla u\u017cytkownik\u00f3w ceni\u0105cych trwa\u0142o\u015b\u0107 i efektywno\u015b\u0107.<\/p><h3>Kluczowe cechy:<\/h3><ul><li><strong>Ud\u017awig:<\/strong> dost\u0119pne warianty o no\u015bno\u015bci 600 kg, 1000 kg, 1500 kg oraz 1800 kg, co pozwala na dopasowanie rampy do konkretnych potrzeb.<\/li><li><strong>Wymiary:<\/strong> szeroko\u015b\u0107 od 60 cm do 137,5 cm oraz d\u0142ugo\u015b\u0107 od 195 cm do 325 cm, dzi\u0119ki czemu znajdziesz odpowiedni model nawet dla najbardziej wymagaj\u0105cych przestrzeni.<\/li><li><strong>Opcje obs\u0142ugi:<\/strong><ul><li>Rozk\u0142adanie rampy w celu stworzenia powierzchni najazdowej.<\/li><li>Otwarcie drzwiowe na zewn\u0105trz, umo\u017cliwiaj\u0105ce \u0142atwe manewrowanie.<\/li><li>Otwarcie drzwiowe do wn\u0119trza, zapewniaj\u0105ce elastyczno\u015b\u0107 podczas u\u017cytkowania.<\/li><\/ul><\/li><li><strong>Dodatkowe udogodnienia:<\/strong><ul><li>Stabilizuj\u0105ce n\u00f3\u017cki, automatycznie wysuwaj\u0105ce si\u0119 podczas rozk\u0142adania rampy.<\/li><li>Ko\u0142o wspomagaj\u0105ce szybkie i wygodne otwieranie oraz zamykanie.<\/li><\/ul><\/li><li><strong>Powierzchnia:<\/strong> jezdna cz\u0119\u015b\u0107 rampy wykonana z anodowanej blachy ryflowanej, co gwarantuje doskona\u0142\u0105 przyczepno\u015b\u0107 i bezpiecze\u0144stwo podczas za\u0142adunku.<\/li><\/ul><p>Rampy z serii PC to po\u0142\u0105czenie niezawodno\u015bci, solidnej konstrukcji i nowoczesnych rozwi\u0105za\u0144, kt\u00f3re znacz\u0105co u\u0142atwiaj\u0105 proces za\u0142adunku oraz roz\u0142adunku. Dzi\u0119ki swojej uniwersalno\u015bci i wytrzyma\u0142o\u015bci stanowi\u0105 idealny wyb\u00f3r do pracy z r\u00f3\u017cnorodnymi pojazdami oraz \u0142adunkami.<\/p>\t\t\t\t\t\t\t\t<\/div>\n\t\t\t\t<\/div>\n\t\t\t\t<\/div>\n\t\t<div class=\"elementor-element elementor-element-a803a1a e-con-full e-flex e-con e-child\" data-id=\"a803a1a\" data-element_type=\"container\">\n\t\t\t\t<div class=\"elementor-element elementor-element-91aaf47 elementor-skin-coverflow elementor-arrows-yes elementor-pagination-type-bullets elementor-pagination-position-outside elementor-widget elementor-widget-media-carousel\" data-id=\"91aaf47\" data-element_type=\"widget\" data-settings=\"{&quot;skin&quot;:&quot;coverflow&quot;,&quot;show_arrows&quot;:&quot;yes&quot;,&quot;pagination&quot;:&quot;bullets&quot;,&quot;speed&quot;:500,&quot;autoplay&quot;:&quot;yes&quot;,&quot;autoplay_speed&quot;:5000,&quot;loop&quot;:&quot;yes&quot;,&quot;pause_on_hover&quot;:&quot;yes&quot;,&quot;pause_on_interaction&quot;:&quot;yes&quot;,&quot;space_between&quot;:{&quot;unit&quot;:&quot;px&quot;,&quot;size&quot;:10,&quot;sizes&quot;:[]},&quot;space_between_tablet&quot;:{&quot;unit&quot;:&quot;px&quot;,&quot;size&quot;:10,&quot;sizes&quot;:[]},&quot;space_between_mobile&quot;:{&quot;unit&quot;:&quot;px&quot;,&quot;size&quot;:10,&quot;sizes&quot;:[]}}\" data-widget_type=\"media-carousel.default\">\n\t\t\t\t<div class=\"elementor-widget-container\">\n\t\t\t\t\t\t\t\t\t<div class=\"elementor-swiper\">\n\t\t\t\t\t<div class=\"elementor-main-swiper swiper\" role=\"region\" aria-roledescription=\"carousel\" aria-label=\"Slides\">\n\t\t\t\t<div class=\"swiper-wrapper\">\n\t\t\t\t\t\t\t\t\t\t\t<div class=\"swiper-slide\" role=\"group\" aria-roledescription=\"slide\">\n\t\t\t\t\t\t\t\t\t<div class=\"elementor-carousel-image\" role=\"img\" aria-label=\"\" style=\"background-image: url(&#039;https:\/\/transcargosilesia.pl\/wp-content\/uploads\/2025\/01\/Seria-PC-600-1800-kg.jpg&#039;)\">\n\n\t\t\t\n\t\t\t\t\t<\/div>\n\t\t\t\t\t\t\t\t<\/div>\n\t\t\t\t\t\t\t\t\t\t\t<div class=\"swiper-slide\" role=\"group\" aria-roledescription=\"slide\">\n\t\t\t\t\t\t\t\t\t<div class=\"elementor-carousel-image\" role=\"img\" aria-label=\"rampa_wmsystem1\" style=\"background-image: url(&#039;https:\/\/transcargosilesia.pl\/wp-content\/uploads\/2025\/01\/rampa_wmsystem1.jpg&#039;)\">\n\n\t\t\t\n\t\t\t\t\t<\/div>\n\t\t\t\t\t\t\t\t<\/div>\n\t\t\t\t\t\t\t\t\t\t\t<div class=\"swiper-slide\" role=\"group\" aria-roledescription=\"slide\">\n\t\t\t\t\t\t\t\t\t<div class=\"elementor-carousel-image\" role=\"img\" aria-label=\"Rampa 01\" style=\"background-image: url(&#039;https:\/\/transcargosilesia.pl\/wp-content\/uploads\/2025\/01\/Rampa-01.jpg&#039;)\">\n\n\t\t\t\n\t\t\t\t\t<\/div>\n\t\t\t\t\t\t\t\t<\/div>\n\t\t\t\t\t\t\t\t\t\t\t<div class=\"swiper-slide\" role=\"group\" aria-roledescription=\"slide\">\n\t\t\t\t\t\t\t\t\t<div class=\"elementor-carousel-image\" role=\"img\" aria-label=\"Rampa 02\" style=\"background-image: url(&#039;https:\/\/transcargosilesia.pl\/wp-content\/uploads\/2025\/01\/Rampa-02.jpg&#039;)\">\n\n\t\t\t\n\t\t\t\t\t<\/div>\n\t\t\t\t\t\t\t\t<\/div>\n\t\t\t\t\t\t\t\t\t\t\t<div class=\"swiper-slide\" role=\"group\" aria-roledescription=\"slide\">\n\t\t\t\t\t\t\t\t\t<div class=\"elementor-carousel-image\" role=\"img\" aria-label=\"Rampa 03\" style=\"background-image: url(&#039;https:\/\/transcargosilesia.pl\/wp-content\/uploads\/2025\/01\/Rampa-03.jpg&#039;)\">\n\n\t\t\t\n\t\t\t\t\t<\/div>\n\t\t\t\t\t\t\t\t<\/div>\n\t\t\t\t\t\t\t\t\t\t\t<div class=\"swiper-slide\" role=\"group\" aria-roledescription=\"slide\">\n\t\t\t\t\t\t\t\t\t<div class=\"elementor-carousel-image\" role=\"img\" aria-label=\"Rampa 04\" style=\"background-image: url(&#039;https:\/\/transcargosilesia.pl\/wp-content\/uploads\/2025\/01\/Rampa-04.jpg&#039;)\">\n\n\t\t\t\n\t\t\t\t\t<\/div>\n\t\t\t\t\t\t\t\t<\/div>\n\t\t\t\t\t\t\t\t\t\t\t<div class=\"swiper-slide\" role=\"group\" aria-roledescription=\"slide\">\n\t\t\t\t\t\t\t\t\t<div class=\"elementor-carousel-image\" role=\"img\" aria-label=\"09_wm_me_rampa_zaadunkowa\" style=\"background-image: url(&#039;https:\/\/transcargosilesia.pl\/wp-content\/uploads\/2025\/01\/09_wm_me_rampa_zaadunkowa.jpg&#039;)\">\n\n\t\t\t\n\t\t\t\t\t<\/div>\n\t\t\t\t\t\t\t\t<\/div>\n\t\t\t\t\t\t\t\t\t\t\t<div class=\"swiper-slide\" role=\"group\" aria-roledescription=\"slide\">\n\t\t\t\t\t\t\t\t\t<div class=\"elementor-carousel-image\" role=\"img\" aria-label=\"12_wm_me_rysunek_techniczny\" style=\"background-image: url(&#039;https:\/\/transcargosilesia.pl\/wp-content\/uploads\/2025\/01\/12_wm_me_rysunek_techniczny.png&#039;)\">\n\n\t\t\t\n\t\t\t\t\t<\/div>\n\t\t\t\t\t\t\t\t<\/div>\n\t\t\t\t\t\t\t\t\t<\/div>\n\t\t\t\t\t\t\t\t\t\t\t\t\t\t\t<div class=\"swiper-pagination\"><\/div>\n\t\t\t\t\t\t\t\t\t\t\t\t\t\t\t\t<div class=\"elementor-swiper-button elementor-swiper-button-prev\" role=\"button\" tabindex=\"0\" aria-label=\"Previous\">\n\t\t\t\t\t\t\t<svg aria-hidden=\"true\" class=\"e-font-icon-svg e-eicon-chevron-left\" viewbox=\"0 0 1000 1000\" xmlns=\"http:\/\/www.w3.org\/2000\/svg\"><path d=\"M646 125C629 125 613 133 604 142L308 442C296 454 292 471 292 487 292 504 296 521 308 533L604 854C617 867 629 875 646 875 663 875 679 871 692 858 704 846 713 829 713 812 713 796 708 779 692 767L438 487 692 225C700 217 708 204 708 187 708 171 704 154 692 142 675 129 663 125 646 125Z\"><\/path><\/svg>\t\t\t\t\t\t<\/div>\n\t\t\t\t\t\t<div class=\"elementor-swiper-button elementor-swiper-button-next\" role=\"button\" tabindex=\"0\" aria-label=\"Next\">\n\t\t\t\t\t\t\t<svg aria-hidden=\"true\" class=\"e-font-icon-svg e-eicon-chevron-right\" viewbox=\"0 0 1000 1000\" xmlns=\"http:\/\/www.w3.org\/2000\/svg\"><path d=\"M696 533C708 521 713 504 713 487 713 471 708 454 696 446L400 146C388 133 375 125 354 125 338 125 325 129 313 142 300 154 292 171 292 187 292 204 296 221 308 233L563 492 304 771C292 783 288 800 288 817 288 833 296 850 308 863 321 871 338 875 354 875 371 875 388 867 400 854L696 533Z\"><\/path><\/svg>\t\t\t\t\t\t<\/div>\n\t\t\t\t\t\t\t\t\t\t\t\t<\/div>\n\t\t\t\t<\/div>\n\t\t\t\t\t\t\t\t<\/div>\n\t\t\t\t<\/div>\n\t\t<div class=\"elementor-element elementor-element-b1ee070 e-con-full e-flex e-con e-child\" data-id=\"b1ee070\" data-element_type=\"container\">\n\t\t<div class=\"elementor-element elementor-element-1773a9d e-con-full e-flex e-con e-child\" data-id=\"1773a9d\" data-element_type=\"container\">\n\t\t\t\t<div class=\"elementor-element elementor-element-76695fa elementor-widget elementor-widget-heading\" data-id=\"76695fa\" data-element_type=\"widget\" data-widget_type=\"heading.default\">\n\t\t\t\t<div class=\"elementor-widget-container\">\n\t\t\t\t\t<h2 class=\"elementor-heading-title elementor-size-default\">Zapytaj o produkt<\/h2>\t\t\t\t<\/div>\n\t\t\t\t<\/div>\n\t\t\t\t<div class=\"elementor-element elementor-element-e7889b0 elementor-button-align-center elementor-widget elementor-widget-form\" data-id=\"e7889b0\" data-element_type=\"widget\" data-settings=\"{&quot;step_next_label&quot;:&quot;Next&quot;,&quot;step_previous_label&quot;:&quot;Previous&quot;,&quot;button_width&quot;:&quot;100&quot;,&quot;step_type&quot;:&quot;number_text&quot;,&quot;step_icon_shape&quot;:&quot;circle&quot;}\" data-widget_type=\"form.default\">\n\t\t\t\t<div class=\"elementor-widget-container\">\n\t\t\t\t\t\t\t<form class=\"elementor-form\" method=\"post\" name=\"Zapytanie o produkt\" action=\"\">\n\t\t\t<input type=\"hidden\" name=\"post_id\" value=\"563\"\/>\n\t\t\t<input type=\"hidden\" name=\"form_id\" value=\"e7889b0\"\/>\n\t\t\t<input type=\"hidden\" name=\"referer_title\" value=\"Transcargo Silesia\" \/>\n\n\t\t\t\n\t\t\t<div class=\"elementor-form-fields-wrapper elementor-labels-above\">\n\t\t\t\t\t\t\t\t<div class=\"elementor-field-type-text elementor-field-group elementor-column elementor-field-group-name elementor-col-50 elementor-field-required elementor-mark-required\">\n\t\t\t\t\t\t\t\t\t\t\t\t<label for=\"form-field-name\" class=\"elementor-field-label\">\n\t\t\t\t\t\t\t\tNazwa firmy\t\t\t\t\t\t\t<\/label>\n\t\t\t\t\t\t\t\t\t\t\t\t\t\t<input size=\"1\" type=\"text\" name=\"form_fields[name]\" id=\"form-field-name\" class=\"elementor-field elementor-size-sm  elementor-field-textual\" placeholder=\"Nazwa firmy\" required=\"required\" aria-required=\"true\">\n\t\t\t\t\t\t\t\t\t\t\t<\/div>\n\t\t\t\t\t\t\t\t<div class=\"elementor-field-type-text elementor-field-group elementor-column elementor-field-group-field_77535b9 elementor-col-50\">\n\t\t\t\t\t\t\t\t\t\t\t\t<label for=\"form-field-field_77535b9\" class=\"elementor-field-label\">\n\t\t\t\t\t\t\t\tNIP (opcjonalnie)\t\t\t\t\t\t\t<\/label>\n\t\t\t\t\t\t\t\t\t\t\t\t\t\t<input size=\"1\" type=\"text\" name=\"form_fields[field_77535b9]\" id=\"form-field-field_77535b9\" class=\"elementor-field elementor-size-sm  elementor-field-textual\" placeholder=\"NIP\">\n\t\t\t\t\t\t\t\t\t\t\t<\/div>\n\t\t\t\t\t\t\t\t<div class=\"elementor-field-type-tel elementor-field-group elementor-column elementor-field-group-email elementor-col-50 elementor-field-required elementor-mark-required\">\n\t\t\t\t\t\t\t\t\t\t\t\t<label for=\"form-field-email\" class=\"elementor-field-label\">\n\t\t\t\t\t\t\t\tNumer telefonu\t\t\t\t\t\t\t<\/label>\n\t\t\t\t\t\t\t\t<input size=\"1\" type=\"tel\" name=\"form_fields[email]\" id=\"form-field-email\" class=\"elementor-field elementor-size-sm  elementor-field-textual\" placeholder=\"Tw\u00f3j numer telefonu\" required=\"required\" aria-required=\"true\" pattern=\"[0-9()#&amp;+*-=.]+\" title=\"Only numbers and phone characters (#, -, *, etc) are accepted.\">\n\n\t\t\t\t\t\t<\/div>\n\t\t\t\t\t\t\t\t<div class=\"elementor-field-type-email elementor-field-group elementor-column elementor-field-group-field_b6bf857 elementor-col-50 elementor-field-required elementor-mark-required\">\n\t\t\t\t\t\t\t\t\t\t\t\t<label for=\"form-field-field_b6bf857\" class=\"elementor-field-label\">\n\t\t\t\t\t\t\t\tE-mail\t\t\t\t\t\t\t<\/label>\n\t\t\t\t\t\t\t\t\t\t\t\t\t\t<input size=\"1\" type=\"email\" name=\"form_fields[field_b6bf857]\" id=\"form-field-field_b6bf857\" class=\"elementor-field elementor-size-sm  elementor-field-textual\" placeholder=\"Tw\u00f3j adres e-mail\" required=\"required\" aria-required=\"true\">\n\t\t\t\t\t\t\t\t\t\t\t<\/div>\n\t\t\t\t\t\t\t\t<div class=\"elementor-field-type-hidden elementor-field-group elementor-column elementor-field-group-message elementor-col-100\">\n\t\t\t\t\t\t\t\t\t\t\t\t\t<input size=\"1\" type=\"hidden\" name=\"form_fields[message]\" id=\"form-field-message\" class=\"elementor-field elementor-size-sm  elementor-field-textual\" value=\"Rampa PC 600-1800 kg\">\n\t\t\t\t\t\t\t\t\t\t\t<\/div>\n\t\t\t\t\t\t\t\t<div class=\"elementor-field-type-textarea elementor-field-group elementor-column elementor-field-group-field_6721eb4 elementor-col-100 elementor-field-required elementor-mark-required\">\n\t\t\t\t\t\t\t\t\t\t\t\t<label for=\"form-field-field_6721eb4\" class=\"elementor-field-label\">\n\t\t\t\t\t\t\t\tWiadomo\u015b\u0107\t\t\t\t\t\t\t<\/label>\n\t\t\t\t\t\t<textarea class=\"elementor-field-textual elementor-field  elementor-size-sm\" name=\"form_fields[field_6721eb4]\" id=\"form-field-field_6721eb4\" rows=\"4\" placeholder=\"Tutaj wpisz swoj\u0105 wiadomo\u015b\u0107. Prosimy o zawarcie jak najwi\u0119kszej ilo\u015bci szczeg\u00f3\u0142\u00f3w\" required=\"required\" aria-required=\"true\"><\/textarea>\t\t\t\t<\/div>\n\t\t\t\t\t\t\t\t<div class=\"elementor-field-group elementor-column elementor-field-type-submit elementor-col-100 e-form__buttons\">\n\t\t\t\t\t<button class=\"elementor-button elementor-size-sm\" type=\"submit\">\n\t\t\t\t\t\t<span class=\"elementor-button-content-wrapper\">\n\t\t\t\t\t\t\t\t\t\t\t\t\t\t\t\t\t\t\t\t\t\t<span class=\"elementor-button-text\">Wy\u015blij wiadomo\u015b\u0107<\/span>\n\t\t\t\t\t\t\t\t\t\t\t\t\t<\/span>\n\t\t\t\t\t<\/button>\n\t\t\t\t<\/div>\n\t\t\t<\/div>\n\t\t<input type=\"hidden\" name=\"trp-form-language\" value=\"en\"\/><\/form>\n\t\t\t\t\t\t<\/div>\n\t\t\t\t<\/div>\n\t\t\t\t<\/div>\n\t\t\t\t<\/div>\n\t\t\t\t<\/div>\n\t\t\t\t\t<\/div>\n\t\t\t\t<\/div>\n\t\t<div class=\"elementor-element elementor-element-421af9a e-flex e-con-boxed e-con e-parent\" data-id=\"421af9a\" data-element_type=\"container\">\n\t\t\t\t\t<div class=\"e-con-inner\">\n\t\t\t\t<div class=\"elementor-element elementor-element-cfaa49e elementor-widget elementor-widget-spacer\" data-id=\"cfaa49e\" data-element_type=\"widget\" data-widget_type=\"spacer.default\">\n\t\t\t\t<div class=\"elementor-widget-container\">\n\t\t\t\t\t\t\t<div class=\"elementor-spacer\">\n\t\t\t<div class=\"elementor-spacer-inner\"><\/div>\n\t\t<\/div>\n\t\t\t\t\t\t<\/div>\n\t\t\t\t<\/div>\n\t\t\t\t\t<\/div>\n\t\t\t\t<\/div>\n\t\t\t\t<\/div>","protected":false},"excerpt":{"rendered":"<p>Rampy za\u0142adunkowe Rampa Seria PC 600-1800 kg Seria PC o ud\u017awigu 600-1800 kg to wyj\u0105tkowo funkcjonalne i zaawansowane rampy za\u0142adunkowe, kt\u00f3re doskonale sprawdzaj\u0105 si\u0119 przy intensywnych pracach transportowych. Zaprojektowane z my\u015bl\u0105 o wysokich wymaganiach dotycz\u0105cych no\u015bno\u015bci i wygody obs\u0142ugi, s\u0105 idealnym rozwi\u0105zaniem dla u\u017cytkownik\u00f3w ceni\u0105cych trwa\u0142o\u015b\u0107 i efektywno\u015b\u0107. Kluczowe cechy: Ud\u017awig: dost\u0119pne warianty o no\u015bno\u015bci [&hellip;]<\/p>","protected":false},"author":2,"featured_media":0,"parent":0,"menu_order":0,"comment_status":"closed","ping_status":"closed","template":"","meta":{"footnotes":""},"class_list":["post-563","page","type-page","status-publish","hentry"],"yoast_head":"<!-- This site is optimized with the Yoast SEO plugin v24.3 - https:\/\/yoast.com\/wordpress\/plugins\/seo\/ -->\n<title>Rampa PC 600-1800 kg - Transcargo Silesia<\/title>\n<meta name=\"robots\" content=\"index, follow, max-snippet:-1, max-image-preview:large, max-video-preview:-1\" \/>\n<link rel=\"canonical\" href=\"https:\/\/transcargosilesia.pl\/en\/rampa-pc-600-1800-kg\/\" \/>\n<meta property=\"og:locale\" content=\"en_GB\" \/>\n<meta property=\"og:type\" content=\"article\" \/>\n<meta property=\"og:title\" content=\"Rampa PC 600-1800 kg - Transcargo Silesia\" \/>\n<meta property=\"og:description\" content=\"Rampy za\u0142adunkowe Rampa Seria PC 600-1800 kg Seria PC o ud\u017awigu 600-1800 kg to wyj\u0105tkowo funkcjonalne i zaawansowane rampy za\u0142adunkowe, kt\u00f3re doskonale sprawdzaj\u0105 si\u0119 przy intensywnych pracach transportowych. Zaprojektowane z my\u015bl\u0105 o wysokich wymaganiach dotycz\u0105cych no\u015bno\u015bci i wygody obs\u0142ugi, s\u0105 idealnym rozwi\u0105zaniem dla u\u017cytkownik\u00f3w ceni\u0105cych trwa\u0142o\u015b\u0107 i efektywno\u015b\u0107. Kluczowe cechy: Ud\u017awig: dost\u0119pne warianty o no\u015bno\u015bci [&hellip;]\" \/>\n<meta property=\"og:url\" content=\"https:\/\/transcargosilesia.pl\/en\/rampa-pc-600-1800-kg\/\" \/>\n<meta property=\"og:site_name\" content=\"Transcargo Silesia\" \/>\n<meta property=\"article:modified_time\" content=\"2025-01-23T13:19:22+00:00\" \/>\n<meta name=\"twitter:card\" content=\"summary_large_image\" \/>\n<meta name=\"twitter:label1\" content=\"Estimated reading time\" \/>\n\t<meta name=\"twitter:data1\" content=\"1 minute\" \/>\n<script type=\"application\/ld+json\" class=\"yoast-schema-graph\">{\"@context\":\"https:\/\/schema.org\",\"@graph\":[{\"@type\":\"WebPage\",\"@id\":\"https:\/\/transcargosilesia.pl\/rampa-pc-600-1800-kg\/\",\"url\":\"https:\/\/transcargosilesia.pl\/rampa-pc-600-1800-kg\/\",\"name\":\"Rampa PC 600-1800 kg - Transcargo Silesia\",\"isPartOf\":{\"@id\":\"https:\/\/transcargosilesia.pl\/#website\"},\"datePublished\":\"2025-01-20T15:56:11+00:00\",\"dateModified\":\"2025-01-23T13:19:22+00:00\",\"breadcrumb\":{\"@id\":\"https:\/\/transcargosilesia.pl\/rampa-pc-600-1800-kg\/#breadcrumb\"},\"inLanguage\":\"en-GB\",\"potentialAction\":[{\"@type\":\"ReadAction\",\"target\":[\"https:\/\/transcargosilesia.pl\/rampa-pc-600-1800-kg\/\"]}]},{\"@type\":\"BreadcrumbList\",\"@id\":\"https:\/\/transcargosilesia.pl\/rampa-pc-600-1800-kg\/#breadcrumb\",\"itemListElement\":[{\"@type\":\"ListItem\",\"position\":1,\"name\":\"Strona g\u0142\u00f3wna\",\"item\":\"https:\/\/transcargosilesia.pl\/\"},{\"@type\":\"ListItem\",\"position\":2,\"name\":\"Rampa PC 600-1800 kg\"}]},{\"@type\":\"WebSite\",\"@id\":\"https:\/\/transcargosilesia.pl\/#website\",\"url\":\"https:\/\/transcargosilesia.pl\/\",\"name\":\"Transcargo Silesia\",\"description\":\"Mi\u0119dzynarodowy transport towar\u00f3w\",\"publisher\":{\"@id\":\"https:\/\/transcargosilesia.pl\/#organization\"},\"potentialAction\":[{\"@type\":\"SearchAction\",\"target\":{\"@type\":\"EntryPoint\",\"urlTemplate\":\"https:\/\/transcargosilesia.pl\/?s={search_term_string}\"},\"query-input\":{\"@type\":\"PropertyValueSpecification\",\"valueRequired\":true,\"valueName\":\"search_term_string\"}}],\"inLanguage\":\"en-GB\"},{\"@type\":\"Organization\",\"@id\":\"https:\/\/transcargosilesia.pl\/#organization\",\"name\":\"Transcargo Silesia\",\"url\":\"https:\/\/transcargosilesia.pl\/\",\"logo\":{\"@type\":\"ImageObject\",\"inLanguage\":\"en-GB\",\"@id\":\"https:\/\/transcargosilesia.pl\/#\/schema\/logo\/image\/\",\"url\":\"https:\/\/transcargosilesia.pl\/wp-content\/uploads\/2024\/03\/cropped-logo.png\",\"contentUrl\":\"https:\/\/transcargosilesia.pl\/wp-content\/uploads\/2024\/03\/cropped-logo.png\",\"width\":1096,\"height\":313,\"caption\":\"Transcargo Silesia\"},\"image\":{\"@id\":\"https:\/\/transcargosilesia.pl\/#\/schema\/logo\/image\/\"}}]}<\/script>\n<!-- \/ Yoast SEO plugin. -->","yoast_head_json":{"title":"Rampa PC 600-1800 kg - Transcargo Silesia","robots":{"index":"index","follow":"follow","max-snippet":"max-snippet:-1","max-image-preview":"max-image-preview:large","max-video-preview":"max-video-preview:-1"},"canonical":"https:\/\/transcargosilesia.pl\/en\/rampa-pc-600-1800-kg\/","og_locale":"en_GB","og_type":"article","og_title":"Rampa PC 600-1800 kg - Transcargo Silesia","og_description":"Rampy za\u0142adunkowe Rampa Seria PC 600-1800 kg Seria PC o ud\u017awigu 600-1800 kg to wyj\u0105tkowo funkcjonalne i zaawansowane rampy za\u0142adunkowe, kt\u00f3re doskonale sprawdzaj\u0105 si\u0119 przy intensywnych pracach transportowych. Zaprojektowane z my\u015bl\u0105 o wysokich wymaganiach dotycz\u0105cych no\u015bno\u015bci i wygody obs\u0142ugi, s\u0105 idealnym rozwi\u0105zaniem dla u\u017cytkownik\u00f3w ceni\u0105cych trwa\u0142o\u015b\u0107 i efektywno\u015b\u0107. Kluczowe cechy: Ud\u017awig: dost\u0119pne warianty o no\u015bno\u015bci [&hellip;]","og_url":"https:\/\/transcargosilesia.pl\/en\/rampa-pc-600-1800-kg\/","og_site_name":"Transcargo Silesia","article_modified_time":"2025-01-23T13:19:22+00:00","twitter_card":"summary_large_image","twitter_misc":{"Estimated reading time":"1 minute"},"schema":{"@context":"https:\/\/schema.org","@graph":[{"@type":"WebPage","@id":"https:\/\/transcargosilesia.pl\/rampa-pc-600-1800-kg\/","url":"https:\/\/transcargosilesia.pl\/rampa-pc-600-1800-kg\/","name":"Rampa PC 600-1800 kg - Transcargo Silesia","isPartOf":{"@id":"https:\/\/transcargosilesia.pl\/#website"},"datePublished":"2025-01-20T15:56:11+00:00","dateModified":"2025-01-23T13:19:22+00:00","breadcrumb":{"@id":"https:\/\/transcargosilesia.pl\/rampa-pc-600-1800-kg\/#breadcrumb"},"inLanguage":"en-GB","potentialAction":[{"@type":"ReadAction","target":["https:\/\/transcargosilesia.pl\/rampa-pc-600-1800-kg\/"]}]},{"@type":"BreadcrumbList","@id":"https:\/\/transcargosilesia.pl\/rampa-pc-600-1800-kg\/#breadcrumb","itemListElement":[{"@type":"ListItem","position":1,"name":"Strona g\u0142\u00f3wna","item":"https:\/\/transcargosilesia.pl\/"},{"@type":"ListItem","position":2,"name":"Rampa PC 600-1800 kg"}]},{"@type":"WebSite","@id":"https:\/\/transcargosilesia.pl\/#website","url":"https:\/\/transcargosilesia.pl\/","name":"Transcargo Silesia","description":"Mi\u0119dzynarodowy transport towar\u00f3w","publisher":{"@id":"https:\/\/transcargosilesia.pl\/#organization"},"potentialAction":[{"@type":"SearchAction","target":{"@type":"EntryPoint","urlTemplate":"https:\/\/transcargosilesia.pl\/?s={search_term_string}"},"query-input":{"@type":"PropertyValueSpecification","valueRequired":true,"valueName":"search_term_string"}}],"inLanguage":"en-GB"},{"@type":"Organization","@id":"https:\/\/transcargosilesia.pl\/#organization","name":"Transcargo Silesia","url":"https:\/\/transcargosilesia.pl\/","logo":{"@type":"ImageObject","inLanguage":"en-GB","@id":"https:\/\/transcargosilesia.pl\/#\/schema\/logo\/image\/","url":"https:\/\/transcargosilesia.pl\/wp-content\/uploads\/2024\/03\/cropped-logo.png","contentUrl":"https:\/\/transcargosilesia.pl\/wp-content\/uploads\/2024\/03\/cropped-logo.png","width":1096,"height":313,"caption":"Transcargo Silesia"},"image":{"@id":"https:\/\/transcargosilesia.pl\/#\/schema\/logo\/image\/"}}]}},"_links":{"self":[{"href":"https:\/\/transcargosilesia.pl\/en\/wp-json\/wp\/v2\/pages\/563","targetHints":{"allow":["GET"]}}],"collection":[{"href":"https:\/\/transcargosilesia.pl\/en\/wp-json\/wp\/v2\/pages"}],"about":[{"href":"https:\/\/transcargosilesia.pl\/en\/wp-json\/wp\/v2\/types\/page"}],"author":[{"embeddable":true,"href":"https:\/\/transcargosilesia.pl\/en\/wp-json\/wp\/v2\/users\/2"}],"replies":[{"embeddable":true,"href":"https:\/\/transcargosilesia.pl\/en\/wp-json\/wp\/v2\/comments?post=563"}],"version-history":[{"count":37,"href":"https:\/\/transcargosilesia.pl\/en\/wp-json\/wp\/v2\/pages\/563\/revisions"}],"predecessor-version":[{"id":633,"href":"https:\/\/transcargosilesia.pl\/en\/wp-json\/wp\/v2\/pages\/563\/revisions\/633"}],"wp:attachment":[{"href":"https:\/\/transcargosilesia.pl\/en\/wp-json\/wp\/v2\/media?parent=563"}],"curies":[{"name":"wp","href":"https:\/\/api.w.org\/{rel}","templated":true}]}}